{"id":159,"date":"2020-07-27T17:38:51","date_gmt":"2020-07-27T17:38:51","guid":{"rendered":"http:\/\/35.195.195.33\/?page_id=159"},"modified":"2023-04-13T09:44:14","modified_gmt":"2023-04-13T07:44:14","slug":"terms-and-conditions","status":"publish","type":"page","link":"https:\/\/www2.fablabfactory.com\/de\/terms-and-conditions\/","title":{"rendered":"Bedingungen und Konditionen"},"content":{"rendered":"<div data-elementor-type=\"wp-page\" data-elementor-id=\"159\" class=\"elementor elementor-159\" data-elementor-post-type=\"page\">\n\t\t\t\t\t\t<div class=\"elementor-inner\">\n\t\t\t\t<div class=\"elementor-section-wrap\">\n\t\t\t\t\t\t\t\t\t<section class=\"elementor-section elementor-top-section elementor-element elementor-element-2884b212 elementor-section-boxed elementor-section-height-default elementor-section-height-default\" data-id=\"2884b212\" data-element_type=\"section\">\n\t\t\t\t\t\t<div class=\"elementor-container elementor-column-gap-default\">\n\t\t\t\t\t\t\t<div class=\"elementor-row\">\n\t\t\t\t\t<div class=\"elementor-column elementor-col-100 elementor-top-column elementor-element elementor-element-12d61f1c\" data-id=\"12d61f1c\" data-element_type=\"column\">\n\t\t\t<div class=\"elementor-column-wrap elementor-element-populated\">\n\t\t\t\t\t\t\t<div class=\"elementor-widget-wrap\">\n\t\t\t\t\t\t<div class=\"elementor-element elementor-element-ee8ac9b elementor-widget elementor-widget-spacer\" data-id=\"ee8ac9b\" data-element_type=\"widget\" data-widget_type=\"spacer.default\">\n\t\t\t\t<div class=\"elementor-widget-container\">\n\t\t\t\t\t<div class=\"elementor-spacer\">\n\t\t\t<div class=\"elementor-spacer-inner\"><\/div>\n\t\t<\/div>\n\t\t\t\t<\/div>\n\t\t\t\t<\/div>\n\t\t\t\t<div class=\"elementor-element elementor-element-15399400 elementor-widget elementor-widget-text-editor\" data-id=\"15399400\" data-element_type=\"widget\" data-widget_type=\"text-editor.default\">\n\t\t\t\t<div class=\"elementor-widget-container\">\n\t\t\t\t\t\t\t\t<div class=\"elementor-text-editor elementor-clearfix\">\n\t\t\t\t<p><b>Informationen zum Unternehmen<br><\/b><br>FABLAB FACTORY BVBA<\/p>\n<p>FabLab Factory (Handelsname)<br>CAPUCIENENLAAN 88<br>9300 AALST<br>BELGIEN<\/p>\n<p>info@fablabfactory.com<br>+32 485 933091<br>WWL BE0700541423<br>RPR DENDERMONDE, BELGIEN<\/p>\n<p><b>Artikel 1: Allgemeine Bestimmungen<br><\/b>Die E-Commerce-Website von FabLab Factory, einer BVBA mit Sitz in CAPUCIENENLAAN 88, 9300 AALST, BELGIEN, VAT BE0700541423, RPR DENDERMONDE, BELGIEN (nachfolgend \"FabLab Factory\") bietet ihren Kunden die M\u00f6glichkeit, die Produkte aus ihrem Webshop online anzubieten. zu kaufen.<br>Diese Allgemeinen Gesch\u00e4ftsbedingungen (\"AGB\") gelten f\u00fcr jede Bestellung, die ein Besucher dieser E-Commerce-Website (\"Kunde\") aufgibt. Bei einer Bestellung \u00fcber den FabLab Factory Webshop muss der Kunde diese Bedingungen ausdr\u00fccklich akzeptieren und sich damit mit der Geltung dieser Bedingungen unter Ausschluss aller anderen Bedingungen einverstanden erkl\u00e4ren. Zus\u00e4tzliche Bedingungen des Kunden sind ausgeschlossen, es sei denn, sie wurden von FabLab Factory vorher ausdr\u00fccklich und schriftlich anerkannt.<\/p>\n<p><\/p>\n<p><b>Artikel 2: Preis<\/b><\/p>\n<p>Alle angegebenen Preise sind in EURO ausgedr\u00fcckt, immer ohne Mehrwertsteuer und alle anderen Abgaben oder Steuern, die vom Kunden getragen werden m\u00fcssen. [Wenn der Preis nicht im Voraus berechnet werden kann, geben Sie an, wie der Preis berechnet werden soll.]<\/p>\n<p>Wenn Liefer-, Reservierungs- oder Verwaltungskosten anfallen, werden diese gesondert ausgewiesen. [Sie m\u00fcssen hier oder auf Ihrer Website alle zus\u00e4tzlichen Fracht-, Liefer- oder Portokosten sowie alle anderen Geb\u00fchren angeben, die der Kunde zu zahlen hat. Wenn diese Kosten nicht im Voraus berechnet werden k\u00f6nnen, weisen Sie bitte darauf hin, dass solche zus\u00e4tzlichen Kosten anfallen k\u00f6nnen]. Die Preise f\u00fcr unsere Lizenzen und Wartungsvertr\u00e4ge steigen mit 2% jedes Jahr.<\/p>\n<p>Die Preisangabe bezieht sich nur auf die Artikel wie w\u00f6rtlich beschrieben. Die zugeh\u00f6rigen Fotos sind dekorativ und k\u00f6nnen Elemente enthalten, die nicht im Preis enthalten sind.<\/p>\n<p><b>Artikel 3: Angebot<\/b><\/p>\n<p>Obwohl der Online-Katalog und die E-Commerce-Website mit gr\u00f6\u00dftm\u00f6glicher Sorgfalt erstellt werden, ist es m\u00f6glich, dass die bereitgestellten Informationen unvollst\u00e4ndig sind, wesentliche Fehler enthalten oder nicht aktuell sind. Offensichtliche Irrt\u00fcmer oder Fehler im Angebot sind f\u00fcr FabLab Factory nicht verbindlich. FabLab Factory haftet nur mit den Mitteln, die f\u00fcr die Richtigkeit und Vollst\u00e4ndigkeit der bereitgestellten Informationen erforderlich sind. FabLab Factory haftet in keinem Fall bei offensichtlichen Materialfehlern, Satz- oder Druckfehlern.<\/p>\n<p>Hat der Kunde spezielle Fragen, z.B. zu Gr\u00f6\u00dfen, Farbe, Verf\u00fcgbarkeit, Lieferzeit oder Lieferart, bitten wir den Kunden, sich vorab mit unserem Kundenservice in Verbindung zu setzen.<\/p>\n<p>Das Angebot kann von FabLab Factory jederzeit angepasst oder zur\u00fcckgezogen werden. FabLab Factory kann nicht f\u00fcr die Nichtverf\u00fcgbarkeit eines Produkts haftbar gemacht werden. Das Angebot hat eine begrenzte G\u00fcltigkeitsdauer von 30 Tagen. Wenn ein Angebot eine unbegrenzte G\u00fcltigkeitsdauer hat oder an Bedingungen gekn\u00fcpft ist, wird dies ausdr\u00fccklich im Angebot angegeben.<\/p>\n<p><\/p>\n<p><b>Artikel 4: Online-K\u00e4ufe<\/b><\/p>\n<p>Die Bezahlung erfolgt \u00fcber eine der im Bestellvorgang angegebenen Zahlungsarten.<\/p>\n<p>Die Zahlungsfrist, innerhalb derer eine Bestellung bezahlt werden muss, betr\u00e4gt 30 Tage nach Lieferung oder Zusendung der Rechnung.<\/p>\n<p>Wenn nicht anders schriftlich vereinbart, erfolgt der Versand nach Zahlungseingang. Bei Zahlung per Bank\u00fcberweisung ist eine Wartezeit von 1 bis 3 Werktagen einzukalkulieren.<\/p>\n<p>Sofern nicht innerhalb von 7 Werktagen nach Erhalt der Rechnung per Einschreiben protestiert wird, gilt diese als vom Kunden akzeptiert.<\/p>\n<p>FabLab Factory ist berechtigt, bei Auftr\u00e4gen, an denen der Kunde beteiligt ist, einen Auftrag wegen eines schwerwiegenden Mangels des Kunden abzulehnen.<\/p>\n<p><\/p>\n<p><b>Artikel 5: Lieferung und Ausf\u00fchrung des Vertrages<\/b><\/p>\n<p>Die Lieferung erfolgt, solange der Vorrat reicht.<\/p>\n<p>Im Rahmen der Regeln des Fernabsatzes wird FABLAB FACTORY BVBA Bestellungen mindestens innerhalb von 30 Tagen ausf\u00fchren. Sollte dies nicht m\u00f6glich sein (weil das Bestellte vergriffen oder nicht mehr lieferbar ist), oder es aus anderen Gr\u00fcnden zu einer Verz\u00f6gerung kommen, oder eine Bestellung nicht oder nur teilweise ausgef\u00fchrt werden kann, erh\u00e4lt der Verbraucher innerhalb von 1 Monat nach der Bestellung eine Bestellnachricht und hat in diesem Fall das Recht, die Bestellung ohne Kosten und Inverzugsetzung zu stornieren.<\/p>\n<p>Die Lieferverpflichtung von FABLAB FACTORY BVBA ist vorbehaltlich des Gegenbeweises erf\u00fcllt, sobald die von FABLAB FACTORY BVBA gelieferte Ware dem Kunden einmalig angeboten worden ist. Bei Hauszustellung gilt der Bericht des Spediteurs, in dem die Annahmeverweigerung behauptet wird, als vollst\u00e4ndiger Beweis f\u00fcr das Lieferangebot.<\/p>\n<p>Alle auf der Website angegebenen Fristen sind indikativ. Aus den vorgenannten Fristen k\u00f6nnen daher keine Rechte abgeleitet werden.<\/p>\n<p>Sichtbare Besch\u00e4digungen und \/ oder qualitative M\u00e4ngel eines Artikels oder sonstige M\u00e4ngel der Lieferung sind vom Kunden unverz\u00fcglich an FabLab Factory zu melden.<\/p>\n<p>Die Gefahr des Verlustes oder der Besch\u00e4digung geht auf den Kunden \u00fcber, sobald er (oder ein von ihm benannter Dritter, der nicht der Transporteur ist) die Ware physisch in Besitz genommen hat. Die Gefahr geht jedoch bereits mit der \u00dcbergabe an den Frachtf\u00fchrer auf den Kunden \u00fcber, da wir die Ware ab Werk liefern.<\/p>\n<p><\/p>\n<p><b>Artikel 6: Eigentumsvorbehalt<\/b><\/p>\n<p>Die gelieferten Gegenst\u00e4nde bleiben bis zur vollst\u00e4ndigen Bezahlung durch den Kunden ausschlie\u00dfliches Eigentum der FabLab Factory.<\/p>\n<p>Der Kunde verpflichtet sich, gegebenenfalls Dritte auf den Eigentumsvorbehalt von FabLab Fctory hinzuweisen, z.B. gegen\u00fcber jedem, der die noch nicht vollst\u00e4ndig bezahlten Artikel pf\u00e4nden w\u00fcrde.<\/p>\n<p><\/p>\n<p><b>Artikel 7: R\u00fccktrittsrecht<\/b><\/p>\n<p>Die Bestimmungen dieses Artikels gelten nur f\u00fcr Kunden, die in ihrer Eigenschaft als Verbraucher Artikel online bei FabLab Factory erwerben.<\/p>\n<p>Der Kunde hat das Recht, innerhalb von 14 Kalendertagen ohne Angabe von Gr\u00fcnden vom Vertrag zur\u00fcckzutreten.<\/p>\n<p>Die Widerrufsfrist endet 14 Kalendertage nach dem Tag, an dem der Kunde oder ein vom Kunden benannter Dritter, der nicht der Bef\u00f6rderer ist, die Ware in Besitz genommen hat.<\/p>\n<p>Um sein Widerrufsrecht auszu\u00fcben, muss der Kunde FABLAB FACTORY BVBA, CAPUCIENENLAAN 88, 9300 AALST, BELGIEN - +32 485 933091 info@fablabfactory.com mittels einer eindeutigen Erkl\u00e4rung (z. B. ein mit der Post versandter Brief oder eine E-Mail) \u00fcber seinen Entschluss, den Vertrag zu widerrufen, informieren.<\/p>\n<p>Zur Wahrung der Widerrufsfrist reicht es aus, dass der Kunde die Mitteilung \u00fcber die Aus\u00fcbung des Widerrufsrechts vor Ablauf der Widerrufsfrist absendet.<\/p>\n<p>Der Kunde hat die Ware unverz\u00fcglich, sp\u00e4testens jedoch innerhalb von 14 Kalendertagen nach dem Tag, an dem er FABLAB FACTORY BVBA seinen Entschluss, vom Vertrag zur\u00fcckzutreten, mitgeteilt hat, an FABLAB FACTORY BVBA, CAPUCIENENLAAN 88, 9300 AALST, BELGIEN zur\u00fcckzugeben oder zu \u00fcbergeben. . Der Kunde ist rechtzeitig, wenn er die Ware vor Ablauf der Frist von 14 Kalendertagen zur\u00fccksendet.<\/p>\n<p>Die unmittelbaren Kosten der R\u00fccksendung der Ware werden vom Kunden getragen. Ist die zur\u00fcckgesandte Ware in irgendeiner Weise im Wert, beh\u00e4lt sich FabLab Factory das Recht vor, den Kunden haftbar zu machen und Schadensersatz f\u00fcr eine Wertminderung der Ware zu verlangen, die \u00fcber das hinausgeht, was zur Feststellung der Beschaffenheit, der Eigenschaften und der Funktionsweise der Ware erforderlich ist, wenn der Kunde die Ware benutzt hat.<\/p>\n<p>Es k\u00f6nnen nur Artikel zur\u00fcckgenommen werden, die sich in der Originalverpackung mit s\u00e4mtlichem Zubeh\u00f6r, der Gebrauchsanweisung und der Rechnung oder dem Kaufbeleg befinden.<\/p>\n<p>Hat der Kunde verlangt, dass mit der Ausf\u00fchrung der Dienstleistung w\u00e4hrend der Widerrufsfrist begonnen wird, so hat der Kunde bei vollst\u00e4ndiger Vertragserf\u00fcllung einen angemessenen Betrag zu zahlen, der dem Anteil der von ihm zu erbringenden Leistung entspricht, der sich aus der Mitteilung \u00fcber den R\u00fccktritt ergibt.<\/p>\n<p>Wenn der Kunde den Vertrag widerruft, hat FABLAB FACTORY BVBA dem Kunden alle bis dahin erhaltenen Zahlungen, einschlie\u00dflich der Standard-Lieferkosten, innerhalb von 14 Kalendertagen ab dem Zeitpunkt zur\u00fcckzuzahlen, an dem FABLAB FACTORY BVBA von der Entscheidung des Kunden, den Vertrag zu widerrufen, Kenntnis erlangt hat. Im Falle von Kaufvertr\u00e4gen kann FABLAB FACTORY BVBA mit der R\u00fcckzahlung warten, bis sie die Waren vollst\u00e4ndig zur\u00fcckerhalten hat oder bis der Kunde den Nachweis erbracht hat, dass er die Waren zur\u00fcckgesandt hat, je nachdem, welches der fr\u00fchere Zeitpunkt ist.<\/p>\n<p>Zus\u00e4tzliche Kosten, die dadurch entstehen, dass der Kunde eine andere Art der Lieferung als die von FABLAB FACTORY BVBA angebotene Standardlieferung gew\u00e4hlt hat, werden nicht erstattet. F\u00fcr diese R\u00fcckzahlung verwendet FABLAB FACTORY BVBA dasselbe Zahlungsmittel, mit dem der Kunde die urspr\u00fcngliche Transaktion durchgef\u00fchrt hat, es sei denn, mit dem Kunden wurde ausdr\u00fccklich etwas anderes vereinbart; in keinem Fall werden dem Kunden wegen dieser R\u00fcckzahlung Entgelte berechnet.<\/p>\n<p>Der Kunde kann das Widerrufsrecht nicht aus\u00fcben f\u00fcr:<\/p>\n<p>- Servicevertr\u00e4ge nach vollst\u00e4ndiger Erf\u00fcllung der Leistung.<\/p>\n<p>- die Lieferung oder Erbringung von Waren oder Dienstleistungen, deren Preis von Schwankungen auf dem Finanzmarkt abh\u00e4ngt, auf die FabLab Factory keinen Einfluss hat und die innerhalb der Widerrufsfrist auftreten k\u00f6nnen.<\/p>\n<p>- die Lieferung von Waren, die nach Kundenspezifikation angefertigt werden oder eindeutig auf eine bestimmte Person zugeschnitten sind.<\/p>\n<p>- die Lieferung von Waren, die schnell verderben oder eine begrenzte Haltbarkeit haben.<\/p>\n<p>- die Lieferung versiegelter Waren, die aus Gr\u00fcnden des Gesundheitsschutzes oder der Hygiene nicht zur R\u00fcckgabe geeignet sind und deren Versiegelung nach der Lieferung aufgebrochen wurde.<\/p>\n<p>- die Lieferung von Waren, die aufgrund ihrer Beschaffenheit nach der Lieferung unwiderruflich mit anderen Produkten vermischt werden.<\/p>\n<p>- die Lieferung von alkoholischen Getr\u00e4nken, deren Preis bei Abschluss des Kaufvertrages vereinbart wurde, deren Lieferung aber erst nach 30 Tagen erfolgen kann und deren tats\u00e4chlicher Wert von Schwankungen auf dem Markt abh\u00e4ngt, auf die das Unternehmen keinen Einfluss hat.<\/p>\n<p>- Vertr\u00e4ge, in denen der Kunde die FabLab Factory ausdr\u00fccklich aufgefordert hat, ihn aufzusuchen, um dort dringende Reparaturen oder Wartungen durchzuf\u00fchren.<\/p>\n<p>- die Lieferung von versiegelten Audio- und versiegelten Videoaufzeichnungen und versiegelter Computersoftware, deren Siegel nach der Lieferung gebrochen wurde.<\/p>\n<p>- die Lieferung von Zeitungen, Zeitschriften oder Magazinen, mit Ausnahme von Vertr\u00e4gen \u00fcber ein Abonnement f\u00fcr solche Ver\u00f6ffentlichungen.<\/p>\n<p>- Vertr\u00e4ge, die w\u00e4hrend einer \u00f6ffentlichen Auktion abgeschlossen wurden.<\/p>\n<p>- die Bereitstellung von Unterk\u00fcnften, die nicht zu Wohnzwecken dienen, G\u00fctertransporte, Autovermietungen, Verpflegungsdienstleistungen und Dienstleistungen im Zusammenhang mit der Freizeitgestaltung, wenn in den Vertr\u00e4gen ein bestimmtes Datum oder ein bestimmter Zeitraum f\u00fcr die Erf\u00fcllung vorgesehen ist.<\/p>\n<p>- die Lieferung von digitalen Inhalten, die nicht auf einem k\u00f6rperlichen Datentr\u00e4ger geliefert werden, wenn die Leistung mit ausdr\u00fccklicher vorheriger Zustimmung des Kunden begonnen wurde und der Kunde anerkannt hat, dass er dadurch sein Widerrufsrecht verliert (z.B. Download von Musik, Software).<\/p>\n<p><b>Artikel 8: Gew\u00e4hrleistung<\/b><\/p>\n<p>Gem\u00e4\u00df dem Gesetz vom 21. September 2004 \u00fcber den Schutz von Verbrauchern beim Verkauf von Verbrauchsg\u00fctern stehen dem Verbraucher gesetzliche Rechte zu. Diese gesetzliche Gew\u00e4hrleistung gilt ab dem Zeitpunkt der Lieferung an den Erstbesitzer. Eine eventuelle kommerzielle Garantie beeintr\u00e4chtigt diese Rechte nicht.<\/p>\n<p>Um sich auf die Garantie berufen zu k\u00f6nnen, muss der Kunde einen Kaufnachweis vorlegen k\u00f6nnen. Dem Kunden wird empfohlen, die Originalverpackung der Ware aufzubewahren.<\/p>\n<p>Bei online gekauften Artikeln, die dem Kunden nach Hause geliefert werden, muss sich der Kunde mit dem FabLab Factory-Kundendienst in Verbindung setzen und den Artikel auf seine Kosten an FabLab Factory zur\u00fccksenden.<\/p>\n<p>Bei Feststellung eines Mangels hat der Kunde FabLab Factory so schnell wie m\u00f6glich zu informieren. In jedem Fall muss der Kunde jeden Mangel innerhalb einer Frist von 2 Monaten nach dessen Feststellung anzeigen. Danach erlischt jeder Anspruch auf Nachbesserung oder Ersatzlieferung. Die (kommerzielle und \/ oder gesetzliche) Garantie gilt niemals f\u00fcr Defekte, die infolge von Unf\u00e4llen, Nachl\u00e4ssigkeit, St\u00fcrzen, zweckwidrigem Gebrauch des Artikels, Nichtbeachtung der Gebrauchsanweisung oder des Handbuchs, Anpassungen oder \u00c4nderungen am Artikel, \u00fcberm\u00e4\u00dfigem Gebrauch, schlechter Wartung oder sonstigem anormalen oder falschen Gebrauch entstehen.<\/p>\n<p>M\u00e4ngel, die sich nach einem Zeitraum von 6 Monaten nach dem Kaufdatum, ggf. nach der Lieferung, zeigen, gelten nicht als versteckte M\u00e4ngel, es sei denn, der Kunde weist das Gegenteil nach.<\/p>\n<p><b>Artikel 9: Kundendienst<\/b><\/p>\n<p>Der Kundendienst von FabLab Factory ist unter der Telefonnummer +32 479 445858, per E-Mail unter support@fablabfactory.com oder per Post unter folgender Adresse erreichbar: FABLAB FACTORY BVBA, CAPUCIENENLAAN 88, 9300 AALST, BELGIEN. Etwaige Beschwerden k\u00f6nnen an diese Adresse gerichtet werden.<\/p>\n<p><b>Artikel 10: Sanktionen bei Nichtbezahlung<\/b><\/p>\n<p>Unbeschadet der Aus\u00fcbung anderer Rechte, die FabLab Factory hat, im Falle der Nichtzahlung oder versp\u00e4tete Zahlung ab dem Zeitpunkt des Vertragsbruchs, ist der Kunde ipso jure und ohne vorherige Ank\u00fcndigung ein Interesse von 15% pro Monat auf den unbezahlten Betrag. Dar\u00fcber hinaus ist der Kunde gesetzlich verpflichtet, eine feste Entsch\u00e4digung von 10% auf den betreffenden Betrag zu zahlen, mit einem Minimum von 25 Euro pro Rechnung.<\/p>\n<p>Unbeschadet des Vorstehenden beh\u00e4lt sich FabLab Factory das Recht vor, nicht (vollst\u00e4ndig) bezahlte Artikel zur\u00fcckzunehmen.<\/p>\n<p><b>Artikel 11: Datenschutz<\/b><\/p>\n<p>Der f\u00fcr die Verarbeitung Verantwortliche, FABLAB FACTORY BVBA, beachtet das belgische Gesetz vom 8. Dezember 1992 \u00fcber den Schutz der Privatsph\u00e4re bei der Verarbeitung personenbezogener Daten.<\/p>\n<p>Die von Ihnen zur Verf\u00fcgung gestellten personenbezogenen Daten werden nur f\u00fcr folgende Zwecke verwendet: Geben Sie den Zweck an, zu dem die Daten verarbeitet werden, wie z.B. die Ausf\u00fchrung des abgeschlossenen Vertrages, die Bearbeitung der Bestellung, die Zusendung von Newslettern, Werbung und \/ oder Marketingzwecke.<\/p>\n<p>Sie haben ein gesetzliches Recht, Ihre pers\u00f6nlichen Daten einzusehen und ggf. zu korrigieren. Unter Vorlage eines Identit\u00e4tsnachweises (Kopie des Personalausweises) k\u00f6nnen Sie durch einen schriftlichen, datierten und unterschriebenen Antrag an FABLAB FACTORY BVBA, CAPUCIENENLAAN 88, 9300 AALST, kostenlos eine schriftliche Mitteilung \u00fcber Ihre personenbezogenen Daten erhalten. Falls erforderlich, k\u00f6nnen Sie auch die Berichtigung der Daten verlangen, die unrichtig, unvollst\u00e4ndig oder nicht relevant sind.<\/p>\n<p>Im Falle der Nutzung von Daten f\u00fcr Direktmarketing: Sie k\u00f6nnen der Verwendung Ihrer Daten f\u00fcr Direktmarketing kostenlos widersprechen. Hierf\u00fcr k\u00f6nnen Sie sich jederzeit an FABLAB FACTORY BVBA, CAPUCIENENLAAN 88, 9300 AALST wenden.<\/p>\n<p>Wir behandeln Ihre Daten als vertrauliche Informationen und werden sie nicht an Dritte weitergeben, vermieten oder verkaufen.<\/p>\n<p>Der Kunde ist f\u00fcr die Geheimhaltung seiner Zugangsdaten und die Verwendung seines Passwortes verantwortlich. Ihr Passwort wird verschl\u00fcsselt gespeichert, so dass die FabLab Factory keinen Zugriff auf Ihr Passwort hat.<\/p>\n<p>FabLab Factory f\u00fchrt online (anonyme) Besucherstatistiken, um zu sehen, welche Seiten des Internetauftritts in welchem Umfang besucht werden.<\/p>\n<p>Wenn Sie Fragen zu dieser Datenschutzerkl\u00e4rung haben, kontaktieren Sie uns bitte unter info@fablabfactory.com.<\/p>\n<p><b>Artikel 12: Verwendung von Cookies<\/b><\/p>\n<p>W\u00e4hrend eines Besuchs der Website k\u00f6nnen \"Cookies\" auf der Festplatte Ihres Computers abgelegt werden. Ein Cookie ist eine Textdatei, die vom Server einer Website im Browser Ihres Computers oder auf Ihrem Mobilger\u00e4t platziert wird, wenn Sie eine Website besuchen. Cookies k\u00f6nnen nicht verwendet werden, um Personen zu identifizieren, ein Cookie kann nur eine Maschine identifizieren.<\/p>\n<p>Wir verwenden sowohl \"Erstanbieter-Cookies\" als auch \"Drittanbieter-Cookies\".<\/p>\n<p>\"First-Party-Cookies\" sind technische Cookies, die von der besuchten Seite selbst verwendet werden und die darauf abzielen, dass die Seite optimal funktioniert. Zum Beispiel: Einstellungen, die der Benutzer bei fr\u00fcheren Besuchen auf der Website vorgenommen hat, oder auch: ein vorausgef\u00fclltes Formular mit Daten, die der Benutzer bei fr\u00fcheren Besuchen gemacht hat.<\/p>\n<p>\"Third-Party-Cookies\" sind Cookies, die nicht von der Website selbst stammen, sondern von Dritten, z. B. einem vorhandenen Marketing- oder Werbe-Plugin. Z.B. Cookies von Facebook oder Google Analytics. F\u00fcr solche Cookies muss der Besucher der Website zun\u00e4chst seine Zustimmung erteilen - dies kann \u00fcber eine Leiste am unteren oder oberen Rand der Website unter Hinweis auf diese Richtlinie erfolgen, was das weitere Surfen auf der Website nicht verhindert.<\/p>\n<p>Sie k\u00f6nnen Ihren Internet-Browser so einstellen, dass Cookies nicht akzeptiert werden, dass Sie eine Warnung erhalten, wenn ein Cookie installiert wird oder dass die Cookies anschlie\u00dfend von Ihrer Festplatte entfernt werden. Dies k\u00f6nnen Sie \u00fcber die Einstellungen Ihres Browsers (\u00fcber die Hilfefunktion) vornehmen. Beachten Sie, dass bestimmte grafische Elemente m\u00f6glicherweise nicht korrekt angezeigt werden oder dass Sie bestimmte Anwendungen nicht nutzen k\u00f6nnen.<\/p>\n<p>Durch die Nutzung unserer Website stimmen Sie unserer Verwendung von Cookies zu.<\/p>\n<p><b>Artikel 13: Versto\u00df gegen die G\u00fcltigkeit - Nichtverzicht<\/b><\/p>\n<p>Sollte eine Bestimmung dieser Bedingungen f\u00fcr ung\u00fcltig, rechtswidrig oder nichtig erkl\u00e4rt werden, so ber\u00fchrt dies in keiner Weise die G\u00fcltigkeit, Rechtm\u00e4\u00dfigkeit und Anwendbarkeit der \u00fcbrigen Bestimmungen.<\/p>\n<p>Wenn FabLab Factory es zu irgendeinem Zeitpunkt unterl\u00e4sst, eines der in diesen Bedingungen aufgef\u00fchrten Rechte durchzusetzen oder auszu\u00fcben, so gilt dies niemals als Verzicht auf diese Bestimmung und beeintr\u00e4chtigt niemals die G\u00fcltigkeit dieser Rechte.&nbsp;<\/p>\n<p><b>Artikel 14: \u00c4nderung der Bedingungen<\/b><\/p>\n<p>Diese Bedingungen werden durch andere Bedingungen, auf die ausdr\u00fccklich verwiesen wird, und die allgemeinen Verkaufsbedingungen der FabLab Factory erg\u00e4nzt. Im Falle eines Widerspruchs sind diese Bedingungen ma\u00dfgebend.<\/p>\n<p><b>Artikel 15: Beweise<\/b><\/p>\n<p>Der Kunde akzeptiert, dass elektronische Kommunikation und Backups als Beweismittel dienen k\u00f6nnen.<\/p>\n<p><b>Artikel 16: Anwendbares Recht - Streitigkeiten<\/b><\/p>\n<p>Es gilt belgisches Recht, mit Ausnahme der Bestimmungen des internationalen Privatrechts in Bezug auf das anwendbare Recht und mit Ausnahme des Wiener \u00dcbereinkommens \u00fcber den internationalen Warenkauf. Sofern es sich bei dem Kunden nicht um einen Verbraucher handelt, sind im Falle von Streitigkeiten ausschlie\u00dflich die Gerichte des Bezirks Gent (Belgien) zust\u00e4ndig.<\/p>\t\t\t\t\t<\/div>\n\t\t\t\t\t\t<\/div>\n\t\t\t\t<\/div>\n\t\t\t\t\t\t<\/div>\n\t\t\t\t\t<\/div>\n\t\t<\/div>\n\t\t\t\t\t\t\t\t<\/div>\n\t\t\t\t\t<\/div>\n\t\t<\/section>\n\t\t\t\t\t\t\t\t\t<\/div>\n\t\t\t<\/div>\n\t\t\t\t\t<\/div>","protected":false},"excerpt":{"rendered":"<p>UnternehmensinformationenFABLAB FACTORY BVBA FabLab Factory (Handelsname)CAPUCIENENLAAN 889300 AALSTBELGIUM info@fablabfactory.com+32 485 933091VAT BE0700541423RPR DENDERMONDE, BELGIUM Artikel 1: Allgemeine BestimmungenDie E-Commerce-Website von FabLab Factory, einer BVBA mit Sitz in CAPUCIENENLAAN 88, 9300 AALST, BELGIEN, MwSt. BE0700541423, RPR DENDERMONDE, BELGIEN (im Folgenden \"FabLab Factory\") bietet ihren Kunden die M\u00f6glichkeit, [...]<\/p>","protected":false},"author":2,"featured_media":0,"parent":0,"menu_order":0,"comment_status":"closed","ping_status":"closed","template":"elementor_header_footer","meta":[],"acf":[],"_links":{"self":[{"href":"https:\/\/www2.fablabfactory.com\/de\/wp-json\/wp\/v2\/pages\/159"}],"collection":[{"href":"https:\/\/www2.fablabfactory.com\/de\/wp-json\/wp\/v2\/pages"}],"about":[{"href":"https:\/\/www2.fablabfactory.com\/de\/wp-json\/wp\/v2\/types\/page"}],"author":[{"embeddable":true,"href":"https:\/\/www2.fablabfactory.com\/de\/wp-json\/wp\/v2\/users\/2"}],"replies":[{"embeddable":true,"href":"https:\/\/www2.fablabfactory.com\/de\/wp-json\/wp\/v2\/comments?post=159"}],"version-history":[{"count":27,"href":"https:\/\/www2.fablabfactory.com\/de\/wp-json\/wp\/v2\/pages\/159\/revisions"}],"predecessor-version":[{"id":17241,"href":"https:\/\/www2.fablabfactory.com\/de\/wp-json\/wp\/v2\/pages\/159\/revisions\/17241"}],"wp:attachment":[{"href":"https:\/\/www2.fablabfactory.com\/de\/wp-json\/wp\/v2\/media?parent=159"}],"curies":[{"name":"wp","href":"https:\/\/api.w.org\/{rel}","templated":true}]}}