{"id":159,"date":"2020-07-27T17:38:51","date_gmt":"2020-07-27T17:38:51","guid":{"rendered":"http:\/\/35.195.195.33\/?page_id=159"},"modified":"2023-04-13T09:44:14","modified_gmt":"2023-04-13T07:44:14","slug":"terms-and-conditions","status":"publish","type":"page","link":"https:\/\/www2.fablabfactory.com\/fi\/terms-and-conditions\/","title":{"rendered":"Ehdot ja edellytykset"},"content":{"rendered":"<div data-elementor-type=\"wp-page\" data-elementor-id=\"159\" class=\"elementor elementor-159\" data-elementor-post-type=\"page\">\n\t\t\t\t\t\t<div class=\"elementor-inner\">\n\t\t\t\t<div class=\"elementor-section-wrap\">\n\t\t\t\t\t\t\t\t\t<section class=\"elementor-section elementor-top-section elementor-element elementor-element-2884b212 elementor-section-boxed elementor-section-height-default elementor-section-height-default\" data-id=\"2884b212\" data-element_type=\"section\">\n\t\t\t\t\t\t<div class=\"elementor-container elementor-column-gap-default\">\n\t\t\t\t\t\t\t<div class=\"elementor-row\">\n\t\t\t\t\t<div class=\"elementor-column elementor-col-100 elementor-top-column elementor-element elementor-element-12d61f1c\" data-id=\"12d61f1c\" data-element_type=\"column\">\n\t\t\t<div class=\"elementor-column-wrap elementor-element-populated\">\n\t\t\t\t\t\t\t<div class=\"elementor-widget-wrap\">\n\t\t\t\t\t\t<div class=\"elementor-element elementor-element-ee8ac9b elementor-widget elementor-widget-spacer\" data-id=\"ee8ac9b\" data-element_type=\"widget\" data-widget_type=\"spacer.default\">\n\t\t\t\t<div class=\"elementor-widget-container\">\n\t\t\t\t\t<div class=\"elementor-spacer\">\n\t\t\t<div class=\"elementor-spacer-inner\"><\/div>\n\t\t<\/div>\n\t\t\t\t<\/div>\n\t\t\t\t<\/div>\n\t\t\t\t<div class=\"elementor-element elementor-element-15399400 elementor-widget elementor-widget-text-editor\" data-id=\"15399400\" data-element_type=\"widget\" data-widget_type=\"text-editor.default\">\n\t\t\t\t<div class=\"elementor-widget-container\">\n\t\t\t\t\t\t\t\t<div class=\"elementor-text-editor elementor-clearfix\">\n\t\t\t\t<p><b>Yrityksen tiedot<br><\/b><br>FABLAB FACTORY BVBA<\/p>\n<p>FabLab Factory (kauppanimi)<br>CAPUCIENENLAAN 88<br>9300 AALST<br>BELGIA<\/p>\n<p>info@fablabfactory.com<br>+32 485 933091<br>ALV BE0700541423<br>RPR DENDERMONDE, BELGIA<\/p>\n<p><b>1 artikla: Yleiset s\u00e4\u00e4nn\u00f6kset<br><\/b>FabLab Factory, BVBA, jonka kotipaikka on CAPUCIENENLAAN 88, 9300 AALST, BELGIA, ALV BE0700541423, RPR DENDERMONDE, BELGIA (j\u00e4ljemp\u00e4n\u00e4 \"FabLab Factory\") tarjoaa asiakkailleen mahdollisuuden tarjota verkkokaupan tuotteita verkkokaupassaan. ostaa.<br>N\u00e4it\u00e4 yleisi\u00e4 sopimusehtoja (\"Ehdot\") sovelletaan kaikkiin tilauksiin, jotka k\u00e4vij\u00e4 tekee t\u00e4ll\u00e4 verkkokaupan verkkosivustolla (\"Asiakas\"). Tehdess\u00e4\u00e4n tilauksen FabLab Factory-verkkokaupan kautta asiakkaan on nimenomaisesti hyv\u00e4ksytt\u00e4v\u00e4 n\u00e4m\u00e4 ehdot ja siten suostuttava n\u00e4iden ehtojen soveltamiseen, lukuun ottamatta kaikkia muita ehtoja. Asiakkaan lis\u00e4ehtoja ei sovelleta, ellei FabLab Factory ole hyv\u00e4ksynyt niit\u00e4 etuk\u00e4teen kirjallisesti ja nimenomaisesti.<\/p>\n<p><\/p>\n<p><b>2 artikla: Hinta<\/b><\/p>\n<p>Kaikki ilmoitetut hinnat on ilmaistu euroina, aina ilman arvonlis\u00e4veroa ja kaikkia muita asiakkaan maksettavaksi kuuluvia tulleja tai veroja. [Jos hintaa ei voida laskea etuk\u00e4teen, ilmoittakaa, miten hinta olisi laskettava].<\/p>\n<p>Jos perit\u00e4\u00e4n toimitus-, varaus- tai hallintokuluja, niist\u00e4 ilmoitetaan erikseen. [Sinun on ilmoitettava t\u00e4ss\u00e4 tai verkkosivustollasi mahdolliset ylim\u00e4\u00e4r\u00e4iset rahti-, toimitus- tai postimaksut sek\u00e4 kaikki muut maksut, jotka asiakkaan on maksettava. Jos n\u00e4it\u00e4 maksuja ei voida laskea etuk\u00e4teen, ilmoittakaa, ett\u00e4 t\u00e4llaiset lis\u00e4maksut saattavat olla maksettavana]. Lisenssien ja yll\u00e4pitosopimusten hinnat nousevat 2%:n my\u00f6t\u00e4 joka vuosi.<\/p>\n<p>Hintamerkint\u00e4 koskee vain sanatarkasti kuvattuja tuotteita. Oheiset kuvat ovat koristeellisia ja saattavat sis\u00e4lt\u00e4\u00e4 elementtej\u00e4, jotka eiv\u00e4t sis\u00e4lly hintaan.<\/p>\n<p><b>3 artikla: Tarjous<\/b><\/p>\n<p>Huolimatta siit\u00e4, ett\u00e4 verkkoluettelo ja s\u00e4hk\u00f6isen kaupank\u00e4ynnin verkkosivusto on laadittu mahdollisimman huolellisesti, on silti mahdollista, ett\u00e4 annetut tiedot ovat ep\u00e4t\u00e4ydellisi\u00e4, sis\u00e4lt\u00e4v\u00e4t olennaisia virheit\u00e4 tai eiv\u00e4t ole ajan tasalla. Ilmeiset virheet tai virheet tarjouksessa eiv\u00e4t sido FabLab Factory:t\u00e4. FabLab Factory:t\u00e4 sitoo ainoastaan keinovelvoite annettujen tietojen oikeellisuudesta ja t\u00e4ydellisyydest\u00e4. FabLab Factory ei ole miss\u00e4\u00e4n tapauksessa vastuussa ilmeisist\u00e4 aineellisista virheist\u00e4, painovirheist\u00e4 tai painovirheist\u00e4.<\/p>\n<p>Jos asiakkaalla on erityisi\u00e4 kysymyksi\u00e4 esimerkiksi koosta, v\u00e4rist\u00e4, saatavuudesta, toimitusajasta tai toimitustavasta, pyyd\u00e4mme asiakasta ottamaan yhteytt\u00e4 asiakaspalveluumme etuk\u00e4teen.<\/p>\n<p>FabLab Factory voi muuttaa tarjousta tai peruuttaa sen milloin tahansa. FabLab Factory ei ole vastuussa siit\u00e4, ett\u00e4 tuotetta ei ole saatavilla. Tarjous on voimassa rajoitetusti 30 p\u00e4iv\u00e4\u00e4. Jos tarjouksen voimassaoloaika on rajoittamaton tai se on ehdollinen, siit\u00e4 ilmoitetaan tarjouksessa erikseen.<\/p>\n<p><\/p>\n<p><b>4 artikla: Verkko-ostokset<\/b><\/p>\n<p>Maksu suoritetaan jollakin tilausprosessin aikana ilmoitetulla maksutavalla.<\/p>\n<p>Maksuehto, jonka kuluessa tilaus on maksettava, on 30 p\u00e4iv\u00e4\u00e4 laskun toimittamisesta tai l\u00e4hett\u00e4misest\u00e4.<\/p>\n<p>Ellei toisin ole kirjallisesti sovittu, l\u00e4hetys tapahtuu maksun vastaanottamisen j\u00e4lkeen. Jos maksat pankkisiirrolla, on otettava huomioon 1-3 ty\u00f6p\u00e4iv\u00e4n odotusaika.<\/p>\n<p>Ellei asiakas ole esitt\u00e4nyt vastalausetta kirjatulla kirjeell\u00e4 7 ty\u00f6p\u00e4iv\u00e4n kuluessa laskun vastaanottamisesta, asiakkaan katsotaan hyv\u00e4ksyneen laskun.<\/p>\n<p>FabLab Factory:ll\u00e4 on oikeus kielt\u00e4yty\u00e4 tilauksesta, joka johtuu Asiakkaan vakavasta puutteesta niiden tilausten osalta, joissa Asiakas on mukana.<\/p>\n<p><\/p>\n<p><b>5 artikla: Sopimuksen toimittaminen ja t\u00e4yt\u00e4nt\u00f6\u00f6npano<\/b><\/p>\n<p>Toimitus tapahtuu niin kauan kuin varastoja riitt\u00e4\u00e4.<\/p>\n<p>FABLAB FACTORY BVBA toteuttaa tilaukset et\u00e4myyntis\u00e4\u00e4nt\u00f6jen mukaisesti v\u00e4hint\u00e4\u00e4n 30 p\u00e4iv\u00e4n kuluessa. Jos t\u00e4m\u00e4 ei ole mahdollista (koska tilattua tuotetta ei ole varastossa tai sit\u00e4 ei ole en\u00e4\u00e4 saatavilla) tai jos se viiv\u00e4styy muista syist\u00e4 tai jos tilausta ei voida toteuttaa tai sit\u00e4 voidaan toteuttaa vain osittain, kuluttaja saa 1 kuukauden kuluessa tilauksen tekemisest\u00e4 tilausviestin, ja t\u00e4ll\u00f6in h\u00e4nell\u00e4 on oikeus peruuttaa tilaus ilman kuluja ja maksuh\u00e4iri\u00f6merkint\u00e4\u00e4. t\u00e4ll\u00f6in h\u00e4nell\u00e4 on oikeus peruuttaa tilaus.<\/p>\n<p>FABLAB FACTORY BVBA:n toimitusvelvollisuus t\u00e4yttyy, ellei toisin todisteta, heti kun FABLAB FACTORY BVBA:n toimittamat tavarat on kerran tarjottu asiakkaalle. Kotiinkuljetuksen osalta rahdinkuljettajan raportti, jossa ilmoitetaan kielt\u00e4ytymisest\u00e4, toimii t\u00e4ydellisen\u00e4 todisteena toimitustarjouksesta.<\/p>\n<p>Kaikki verkkosivuilla mainitut ehdot ovat ohjeellisia. Edell\u00e4 mainituista m\u00e4\u00e4r\u00e4ajoista ei siis voida johtaa mit\u00e4\u00e4n oikeuksia.<\/p>\n<p>Asiakkaan on ilmoitettava v\u00e4litt\u00f6m\u00e4sti FabLab Factory:lle kaikista n\u00e4kyvist\u00e4 vaurioista ja\/tai tavaran laadullisista puutteista tai muista toimituksen puutteista.<\/p>\n<p>Riski katoamisesta tai vahingoittumisesta siirtyy asiakkaalle heti, kun asiakas (tai h\u00e4nen nime\u00e4m\u00e4ns\u00e4 kolmas osapuoli, joka ei ole rahdinkuljettaja) on ottanut tavarat fyysisesti haltuunsa. Riski siirtyy kuitenkin asiakkaalle jo silloin, kun tavara luovutetaan rahdinkuljettajalle, koska toimitamme tavarat vapaasti tehtaalla.<\/p>\n<p><\/p>\n<p><b>6 artikla: Omistusoikeuden s\u00e4ilytt\u00e4minen<\/b><\/p>\n<p>Toimitetut tuotteet ovat FabLab Factory:n yksinomaista omaisuutta, kunnes asiakas on suorittanut t\u00e4yden maksun.<\/p>\n<p>Asiakas sitoutuu tarvittaessa ilmoittamaan kolmansille osapuolille FabLab Fctoryn omistuksenpid\u00e4tyksest\u00e4, esimerkiksi kaikille, jotka takavarikoivat viel\u00e4 kokonaan maksamattomat tuotteet.<\/p>\n<p><\/p>\n<p><b>7 artikla: Peruuttamisoikeus<\/b><\/p>\n<p>T\u00e4m\u00e4n artiklan m\u00e4\u00e4r\u00e4ykset koskevat vain Asiakkaita, jotka kuluttajana ostavat tuotteita verkossa FabLab Factory:lt\u00e4.<\/p>\n<p>Asiakkaalla on oikeus peruuttaa sopimus 14 kalenterip\u00e4iv\u00e4n kuluessa ilman perusteluja.<\/p>\n<p>Peruuttamisaika p\u00e4\u00e4ttyy 14 kalenterip\u00e4iv\u00e4n kuluttua siit\u00e4 p\u00e4iv\u00e4st\u00e4, jona asiakas tai asiakkaan nime\u00e4m\u00e4 kolmas osapuoli, joka ei ole rahdinkuljettaja, ottaa tavaran fyysisesti haltuunsa.<\/p>\n<p>Voidakseen k\u00e4ytt\u00e4\u00e4 peruuttamisoikeuttaan asiakkaan on ilmoitettava FABLAB FACTORY BVBA:lle, CAPUCIENENLAAN 88, 9300 AALST, BELGIAN - +32 485 933091 info@fablabfactory.com, yksiselitteisell\u00e4 ilmoituksella (esim. kirjallisesti postitse tai s\u00e4hk\u00f6postitse) p\u00e4\u00e4t\u00f6ksest\u00e4\u00e4n peruuttaa sopimus.<\/p>\n<p>Peruuttamisajan noudattamiseksi asiakkaan on l\u00e4hetett\u00e4v\u00e4 peruuttamisoikeuttaan koskeva ilmoitus ennen peruuttamisajan p\u00e4\u00e4ttymist\u00e4.<\/p>\n<p>Asiakkaan on palautettava tai luovutettava tavarat FABLAB FACTORY BVBA:lle, CAPUCIENENLAAN 88, 9300 AALST, BELGIA, v\u00e4litt\u00f6m\u00e4sti, kuitenkin viimeist\u00e4\u00e4n 14 kalenterip\u00e4iv\u00e4n kuluessa siit\u00e4 p\u00e4iv\u00e4st\u00e4, jona h\u00e4n on ilmoittanut p\u00e4\u00e4t\u00f6ksest\u00e4\u00e4n peruuttaa sopimus FABLAB FACTORY BVBA:lle. . Asiakas on ajoissa, jos h\u00e4n palauttaa tavarat ennen 14 kalenterip\u00e4iv\u00e4n m\u00e4\u00e4r\u00e4ajan p\u00e4\u00e4ttymist\u00e4.<\/p>\n<p>Asiakas vastaa tavaroiden palauttamisesta aiheutuvista v\u00e4litt\u00f6mist\u00e4 kustannuksista. Jos palautetun tuotteen arvo on jollakin tavalla alentunut, FabLab Factory pid\u00e4tt\u00e4\u00e4 oikeuden pit\u00e4\u00e4 asiakasta vastuullisena ja vaatia vahingonkorvausta tavaran arvon alentumisesta, joka johtuu siit\u00e4, ett\u00e4 asiakkaan k\u00e4ytt\u00f6 ylitt\u00e4\u00e4 sen, mik\u00e4 on tarpeen tavaran luonteen, ominaisuuksien ja toiminnan toteamiseksi.<\/p>\n<p>Ainoastaan alkuper\u00e4ispakkauksessa olevat tuotteet, kaikki tarvikkeet, k\u00e4ytt\u00f6ohjeet ja lasku tai ostotodistus voidaan ottaa takaisin.<\/p>\n<p>Jos asiakas on pyyt\u00e4nyt palvelujen tarjoamisen aloittamista peruuttamisaikana, asiakas maksaa summan, joka on suhteessa siihen aikaan, jolloin h\u00e4n on ilmoittanut meille, ett\u00e4 h\u00e4n on peruuttanut sopimuksen on toimitettu, sopimuksen t\u00e4ysim\u00e4\u00e4r\u00e4ist\u00e4 t\u00e4ytt\u00e4mist\u00e4 vastaan.<\/p>\n<p>Jos asiakas peruuttaa sopimuksen, FABLAB FACTORY BVBA palauttaa kaikki siihen menness\u00e4 saadut maksut, mukaan lukien vakiotoimituskustannukset, asiakkaalle enint\u00e4\u00e4n 14 kalenterip\u00e4iv\u00e4n kuluessa siit\u00e4, kun FABLAB FACTORY BVBA on saanut tiedon asiakkaan p\u00e4\u00e4t\u00f6ksest\u00e4 peruuttaa sopimus. Myyntisopimusten tapauksessa FABLAB FACTORY BVBA voi odottaa palautuksen maksamista, kunnes se on saanut kaikki tavarat takaisin tai kunnes asiakas on osoittanut palauttaneensa tavarat, riippuen siit\u00e4, kumpi tapahtuu ensin.<\/p>\n<p>Lis\u00e4kustannuksia, jotka johtuvat siit\u00e4, ett\u00e4 asiakas on valinnut FABLAB FACTORY BVBA:n tarjoamasta vakiotoimitustavasta poikkeavan toimitustavan, ei palauteta. FABLAB FACTORY BVBA korvaa asiakkaalle kustannukset samalla maksutavalla, jolla asiakas suoritti alkuper\u00e4isen maksutapahtuman, ellei asiakas ole nimenomaisesti sopinut toisin; miss\u00e4\u00e4n tapauksessa asiakkaalta ei perit\u00e4 maksua t\u00e4llaisesta korvauksesta.<\/p>\n<p>Asiakas ei voi k\u00e4ytt\u00e4\u00e4 peruuttamisoikeuttaan:<\/p>\n<p>- palvelusopimukset sen j\u00e4lkeen, kun palvelu on suoritettu kokonaisuudessaan.<\/p>\n<p>- sellaisten tavaroiden tai palvelujen toimittaminen tai tarjoaminen, joiden hinta riippuu rahoitusmarkkinoiden vaihteluista, joihin FabLab Factory ei voi vaikuttaa ja jotka voivat tapahtua peruuttamisajan kuluessa.<\/p>\n<p>- Asiakkaan eritelmien mukaan valmistettujen tai selv\u00e4sti tietylle henkil\u00f6lle tarkoitettujen tavaroiden toimittaminen.<\/p>\n<p>- sellaisten tavaroiden toimittaminen, jotka pilaantuvat nopeasti tai joiden s\u00e4ilyvyysaika on rajallinen.<\/p>\n<p>- sellaisten sinet\u00f6ityjen tavaroiden toimittaminen, jotka eiv\u00e4t sovellu palautettaviksi terveydensuojelu- tai hygieniasyist\u00e4 ja joiden sinetti on rikottu toimituksen j\u00e4lkeen.<\/p>\n<p>- sellaisten tavaroiden toimittaminen, jotka luonteensa vuoksi sekoittuvat peruuttamattomasti muihin tuotteisiin toimituksen j\u00e4lkeen.<\/p>\n<p>- sellaisten alkoholijuomien toimittaminen, joiden hinnasta on sovittu myyntisopimusta teht\u00e4ess\u00e4, mutta jotka voidaan toimittaa vasta 30 p\u00e4iv\u00e4n kuluttua ja joiden todellinen arvo riippuu markkinoiden vaihteluista, joihin yritys ei voi vaikuttaa.<\/p>\n<p>- sopimukset, joissa asiakas on nimenomaisesti pyyt\u00e4nyt FabLab Factory:t\u00e4 vierailemaan h\u00e4nen luonaan suorittamassa kiireellisi\u00e4 korjaus- tai huoltot\u00f6it\u00e4.<\/p>\n<p>- sellaisten sinet\u00f6ityjen \u00e4\u00e4ni- ja kuvatallenteiden sek\u00e4 sinet\u00f6ityjen tietokoneohjelmistojen toimittaminen, joiden sinetti on rikottu toimituksen j\u00e4lkeen.<\/p>\n<p>- sanomalehtien, aikakauslehtien tai aikakauslehtien toimittaminen, lukuun ottamatta n\u00e4iden julkaisujen tilausta koskevia sopimuksia.<\/p>\n<p>- julkisessa huutokaupassa tehdyt sopimukset.<\/p>\n<p>- muun kuin asumiseen tarkoitetun majoituksen, tavarankuljetuksen, autonvuokrauspalvelujen, ateriapalvelujen ja vapaa-aikaan liittyvien palvelujen tarjoaminen, jos sopimuksissa on sovittu erityisest\u00e4 suoritusp\u00e4iv\u00e4st\u00e4 tai -ajasta.<\/p>\n<p>- sellaisen digitaalisen sis\u00e4ll\u00f6n toimittaminen, jota ei toimiteta aineellisella v\u00e4lineell\u00e4, jos suoritus on aloitettu asiakkaan nimenomaisella ennakkosuostumuksella ja jos asiakas on tunnustanut, ett\u00e4 h\u00e4n menett\u00e4\u00e4 siten peruuttamisoikeutensa (esim. musiikin tai ohjelmistojen lataaminen).<\/p>\n<p><b>8 artikla: Takuu<\/b><\/p>\n<p>Kuluttajansuojasta kulutustavaroiden myynniss\u00e4 21. syyskuuta 2004 annetun lain mukaan kuluttajalla on lailliset oikeudet. T\u00e4t\u00e4 lakis\u00e4\u00e4teist\u00e4 takuuta sovelletaan siit\u00e4 p\u00e4iv\u00e4st\u00e4 alkaen, jona tuote on toimitettu ensimm\u00e4iselle omistajalle. Kaupallinen takuu ei vaikuta n\u00e4ihin oikeuksiin.<\/p>\n<p>Takuuseen vetoaminen edellytt\u00e4\u00e4, ett\u00e4 asiakas voi esitt\u00e4\u00e4 ostotodistuksen. Asiakkaita kehotetaan s\u00e4ilytt\u00e4m\u00e4\u00e4n tavaroiden alkuper\u00e4iset pakkaukset.<\/p>\n<p>Verkosta ostettujen ja asiakkaan kotiin toimitettujen tuotteiden osalta asiakkaan on otettava yhteytt\u00e4 FabLab Factory:n asiakaspalveluun ja palautettava tuote FabLab Factory:lle omalla kustannuksellaan.<\/p>\n<p>Kun vika havaitaan, asiakkaan on ilmoitettava siit\u00e4 FabLab Factory:lle mahdollisimman pian. Asiakkaan on joka tapauksessa ilmoitettava virheest\u00e4 2 kuukauden kuluessa sen havaitsemisesta. T\u00e4m\u00e4n j\u00e4lkeen oikeus korjaukseen tai vaihtoon raukeaa. (Kaupallinen ja\/tai lakis\u00e4\u00e4teinen) takuu ei koskaan koske vikoja, jotka johtuvat tapaturmista, laiminly\u00f6nneist\u00e4, putoamisista, tuotteen k\u00e4yt\u00f6st\u00e4 vastoin k\u00e4ytt\u00f6tarkoitusta, johon se on suunniteltu, k\u00e4ytt\u00f6ohjeiden tai k\u00e4ytt\u00f6oppaan noudattamatta j\u00e4tt\u00e4misest\u00e4, tuotteen s\u00e4\u00e4t\u00e4misest\u00e4 tai muuttamisesta, raskaasta k\u00e4yt\u00f6st\u00e4, huonosta kunnossapidosta tai muusta ep\u00e4normaalista tai virheellisest\u00e4 k\u00e4yt\u00f6st\u00e4.<\/p>\n<p>Vikoja, jotka ilmenev\u00e4t 6 kuukauden kuluttua ostop\u00e4iv\u00e4st\u00e4, tarvittaessa toimitusp\u00e4iv\u00e4st\u00e4, ei pidet\u00e4 piilevin\u00e4 vikoina, ellei asiakas osoita muuta.<\/p>\n<p><b>9 artikla: Asiakaspalvelu<\/b><\/p>\n<p>FabLab Factory:n asiakaspalvelun tavoittaa puhelinnumerosta +32 479 445858, s\u00e4hk\u00f6postitse osoitteesta support@fablabfactory.com tai postitse osoitteesta FABLAB FACTORY BVBA, CAPUCIENENLAAN 88, 9300 AALST, BELGIUM. Mahdolliset valitukset voidaan osoittaa t\u00e4h\u00e4n osoitteeseen.<\/p>\n<p><b>10 artikla: Maksun laiminly\u00f6nnist\u00e4 m\u00e4\u00e4r\u00e4tt\u00e4v\u00e4t seuraamukset<\/b><\/p>\n<p>Rajoittamatta muiden oikeuksien k\u00e4ytt\u00e4mist\u00e4, joita FabLab Factory:ll\u00e4 on, jos maksamatta j\u00e4tt\u00e4minen tai maksuviiv\u00e4stys alkaa sopimusrikkomuksen p\u00e4iv\u00e4m\u00e4\u00e4r\u00e4st\u00e4, asiakas on ipso jure ja ilman erillist\u00e4 ilmoitusta 15%:n suuruinen korko kuukaudessa maksamattomasta m\u00e4\u00e4r\u00e4st\u00e4. Lis\u00e4ksi Asiakas on lain mukaan velvollinen maksamaan kyseisest\u00e4 summasta 10%:n kiinte\u00e4n korvauksen, jonka v\u00e4himm\u00e4ism\u00e4\u00e4r\u00e4 on 25 euroa laskua kohden.<\/p>\n<p>Rajoittamatta edell\u00e4 mainittua, FabLab Factory pid\u00e4tt\u00e4\u00e4 oikeuden ottaa takaisin tuotteet, joita ei ole maksettu (kokonaan).<\/p>\n<p><b>11 artikla: Yksityisyyden suoja<\/b><\/p>\n<p>Rekisterinpit\u00e4j\u00e4, FABLAB FACTORY BVBA, noudattaa 8. joulukuuta 1992 annettua Belgian lakia yksityisyyden suojasta henkil\u00f6tietojen k\u00e4sittelyss\u00e4.<\/p>\n<p>Antamiasi henkil\u00f6tietoja k\u00e4ytet\u00e4\u00e4n ainoastaan seuraaviin tarkoituksiin: m\u00e4\u00e4rit\u00e4 tarkoitus, jota varten tietoja k\u00e4sitell\u00e4\u00e4n, kuten tehdyn sopimuksen toteuttaminen, tilauksen k\u00e4sittely, uutiskirjeiden l\u00e4hett\u00e4minen, mainonta ja\/tai markkinointitarkoitukset.<\/p>\n<p>Sinulla on laillinen oikeus tarkastaa ja tarvittaessa oikaista henkil\u00f6tietosi. Henkil\u00f6llisyystodistusta vastaan (kopio henkil\u00f6llisyystodistuksesta) voit saada maksutta kirjallisen ilmoituksen henkil\u00f6tiedoistasi kirjallisella, p\u00e4iv\u00e4ttyyn ja allekirjoitettuun pyynt\u00f6\u00f6n osoitteeseen FABLAB FACTORY BVBA, CAPUCIENENLAAN 88, 9300 AALST. Tarvittaessa voit my\u00f6s pyyt\u00e4\u00e4 korjaamaan virheelliset, puutteelliset tai ep\u00e4olennaiset tiedot.<\/p>\n<p>Jos tietoja k\u00e4ytet\u00e4\u00e4n suoramarkkinointiin: Voit vastustaa maksutta tietojesi k\u00e4ytt\u00f6\u00e4 suoramarkkinointiin. T\u00e4t\u00e4 varten voit aina ottaa yhteytt\u00e4 FABLAB FACTORY BVBA, CAPUCIENENLAAN 88, 9300 AALST.<\/p>\n<p>K\u00e4sittelemme tietojasi luottamuksellisina, emmek\u00e4 luovuta, vuokraa tai myy niit\u00e4 kolmansille osapuolille.<\/p>\n<p>Asiakas on vastuussa kirjautumistietojensa luottamuksellisuudesta ja salasanansa k\u00e4yt\u00f6st\u00e4. Salasana tallennetaan salattuna, joten FabLab Factory ei p\u00e4\u00e4se k\u00e4siksi salasanaan.<\/p>\n<p>FabLab Factory pit\u00e4\u00e4 verkossa (nimett\u00f6mi\u00e4) k\u00e4vij\u00e4tilastoja, jotta voidaan n\u00e4hd\u00e4, mill\u00e4 internetsivuilla k\u00e4yd\u00e4\u00e4n ja miss\u00e4 m\u00e4\u00e4rin.<\/p>\n<p>Jos sinulla on kysytt\u00e4v\u00e4\u00e4 t\u00e4st\u00e4 tietosuojaselosteesta, ota meihin yhteytt\u00e4 osoitteeseen info@fablabfactory.com.<\/p>\n<p><b>12 artikla: Ev\u00e4steiden k\u00e4ytt\u00f6<\/b><\/p>\n<p>Kun vierailet sivustolla, tietokoneen kiintolevylle voidaan sijoittaa \"ev\u00e4steit\u00e4\". Ev\u00e4ste on tekstitiedosto, jonka verkkosivuston palvelin sijoittaa tietokoneesi selaimeen tai mobiililaitteeseesi, kun vierailet verkkosivustolla. Ev\u00e4steiden avulla ei voida tunnistaa henkil\u00f6it\u00e4, vaan ev\u00e4steen avulla voidaan tunnistaa vain kone.<\/p>\n<p>K\u00e4yt\u00e4mme sek\u00e4 \"ensimm\u00e4isen osapuolen ev\u00e4steit\u00e4\" ett\u00e4 \"kolmannen osapuolen ev\u00e4steit\u00e4\".<\/p>\n<p>\"Ensimm\u00e4isen osapuolen ev\u00e4steet\" ovat teknisi\u00e4 ev\u00e4steit\u00e4, joita vierailtu sivusto itse k\u00e4ytt\u00e4\u00e4 ja joiden tarkoituksena on saada sivusto toimimaan optimaalisesti. Esimerkiksi: asetukset, jotka k\u00e4ytt\u00e4j\u00e4 on tehnyt aiempien k\u00e4yntien aikana sivustolla, tai jopa: esit\u00e4ytetty lomake, jossa on tietoja, jotka k\u00e4ytt\u00e4j\u00e4 on tehnyt aiempien k\u00e4yntien aikana.<\/p>\n<p>\"Kolmannen osapuolen ev\u00e4steet\" ovat ev\u00e4steit\u00e4, jotka eiv\u00e4t ole per\u00e4isin verkkosivustolta itselt\u00e4\u00e4n, vaan kolmansilta osapuolilta, esimerkiksi olemassa olevasta markkinointi- tai mainoslis\u00e4osasta. Esim. Facebookin tai Google Analyticsin ev\u00e4steet. T\u00e4llaisille ev\u00e4steille sivuston k\u00e4vij\u00e4n on ensin annettava lupa - t\u00e4m\u00e4 voidaan tehd\u00e4 sivuston alareunassa tai yl\u00e4reunassa olevan palkin kautta, jossa viitataan t\u00e4h\u00e4n k\u00e4yt\u00e4nt\u00f6\u00f6n, mik\u00e4 ei est\u00e4 jatkosurffailua sivustolla.<\/p>\n<p>Voit asettaa internet-selaimesi niin, ett\u00e4 ev\u00e4steit\u00e4 ei hyv\u00e4ksyt\u00e4, ett\u00e4 saat varoituksen, kun ev\u00e4ste asennetaan, tai ett\u00e4 ev\u00e4steet poistetaan kiintolevylt\u00e4si. Voit tehd\u00e4 t\u00e4m\u00e4n selaimesi asetusten kautta (ohjetoiminnon kautta). Ota huomioon, ett\u00e4 tietyt graafiset elementit eiv\u00e4t ehk\u00e4 n\u00e4y oikein tai ett\u00e4 et voi k\u00e4ytt\u00e4\u00e4 tiettyj\u00e4 sovelluksia.<\/p>\n<p>K\u00e4ytt\u00e4m\u00e4ll\u00e4 verkkosivustoamme hyv\u00e4ksyt ev\u00e4steiden k\u00e4yt\u00f6n.<\/p>\n<p><b>13 artikla: P\u00e4tevyyden loukkaaminen - luopumatta j\u00e4tt\u00e4minen<\/b><\/p>\n<p>Jos jokin n\u00e4iden ehtojen m\u00e4\u00e4r\u00e4ys julistetaan p\u00e4tem\u00e4tt\u00f6m\u00e4ksi, laittomaksi tai mit\u00e4tt\u00f6m\u00e4ksi, se ei vaikuta mill\u00e4\u00e4n tavalla muiden m\u00e4\u00e4r\u00e4ysten p\u00e4tevyyteen, laillisuuteen ja sovellettavuuteen.<\/p>\n<p>Jos FabLab Factory ei milloinkaan pane t\u00e4yt\u00e4nt\u00f6\u00f6n tai k\u00e4yt\u00e4 mit\u00e4\u00e4n n\u00e4iss\u00e4 k\u00e4ytt\u00f6ehdoissa lueteltuja oikeuksia, sit\u00e4 ei koskaan pidet\u00e4 t\u00e4llaisesta m\u00e4\u00e4r\u00e4yksest\u00e4 luopumisena eik\u00e4 se koskaan vaikuta n\u00e4iden oikeuksien p\u00e4tevyyteen.&nbsp;<\/p>\n<p><b>14 artikla: Ehtojen muuttaminen<\/b><\/p>\n<p>N\u00e4it\u00e4 ehtoja t\u00e4ydent\u00e4v\u00e4t muut ehdot, joihin nimenomaisesti viitataan, sek\u00e4 FabLab Factory:n yleiset myyntiehdot. Ristiriitatilanteessa n\u00e4m\u00e4 ehdot ovat ensisijaiset.<\/p>\n<p><b>15 artikla: Todisteet<\/b><\/p>\n<p>Asiakas hyv\u00e4ksyy, ett\u00e4 s\u00e4hk\u00f6inen viestint\u00e4 ja varmuuskopiot voivat toimia todisteena.<\/p>\n<p><b>16 artikla: Sovellettava laki - riidat<\/b><\/p>\n<p>Sovelletaan Belgian lakia, lukuun ottamatta kansainv\u00e4lisen yksityisoikeuden m\u00e4\u00e4r\u00e4yksi\u00e4 sovellettavasta laista ja Wienin kansainv\u00e4list\u00e4 tavarakauppaa koskevaa yleissopimusta. Ellei asiakas ole kuluttaja, ainoastaan Gentin (Belgia) alueen tuomioistuimet ovat toimivaltaisia riitatapauksissa.<\/p>\t\t\t\t\t<\/div>\n\t\t\t\t\t\t<\/div>\n\t\t\t\t<\/div>\n\t\t\t\t\t\t<\/div>\n\t\t\t\t\t<\/div>\n\t\t<\/div>\n\t\t\t\t\t\t\t\t<\/div>\n\t\t\t\t\t<\/div>\n\t\t<\/section>\n\t\t\t\t\t\t\t\t\t<\/div>\n\t\t\t<\/div>\n\t\t\t\t\t<\/div>","protected":false},"excerpt":{"rendered":"<p>Yrityksen tiedotFABLAB FACTORY BVBA FabLab Factory (toiminimi)CAPUCIENENLAAN 889300 AALSTBELGIUM info@fablabfactory.com+32 485 933091VAT BE0700541423RPR DENDERMONDE, BELGIUM 1 artikla: BVBA:n, jonka kotipaikka on CAPUCIENENLAAN 88, 9300 AALST, BELGIUM, ALV BE0700541423, RPR DENDERMONDE, BELGIUM, j\u00e4ljemp\u00e4n\u00e4 'FabLab Factory', s\u00e4hk\u00f6isen kaupank\u00e4ynnin verkkosivusto tarjoaa asiakkailleen mahdollisuuden [...].<\/p>","protected":false},"author":2,"featured_media":0,"parent":0,"menu_order":0,"comment_status":"closed","ping_status":"closed","template":"elementor_header_footer","meta":[],"acf":[],"_links":{"self":[{"href":"https:\/\/www2.fablabfactory.com\/fi\/wp-json\/wp\/v2\/pages\/159"}],"collection":[{"href":"https:\/\/www2.fablabfactory.com\/fi\/wp-json\/wp\/v2\/pages"}],"about":[{"href":"https:\/\/www2.fablabfactory.com\/fi\/wp-json\/wp\/v2\/types\/page"}],"author":[{"embeddable":true,"href":"https:\/\/www2.fablabfactory.com\/fi\/wp-json\/wp\/v2\/users\/2"}],"replies":[{"embeddable":true,"href":"https:\/\/www2.fablabfactory.com\/fi\/wp-json\/wp\/v2\/comments?post=159"}],"version-history":[{"count":27,"href":"https:\/\/www2.fablabfactory.com\/fi\/wp-json\/wp\/v2\/pages\/159\/revisions"}],"predecessor-version":[{"id":17241,"href":"https:\/\/www2.fablabfactory.com\/fi\/wp-json\/wp\/v2\/pages\/159\/revisions\/17241"}],"wp:attachment":[{"href":"https:\/\/www2.fablabfactory.com\/fi\/wp-json\/wp\/v2\/media?parent=159"}],"curies":[{"name":"wp","href":"https:\/\/api.w.org\/{rel}","templated":true}]}}