{"id":159,"date":"2020-07-27T17:38:51","date_gmt":"2020-07-27T17:38:51","guid":{"rendered":"http:\/\/35.195.195.33\/?page_id=159"},"modified":"2023-04-13T09:44:14","modified_gmt":"2023-04-13T07:44:14","slug":"terms-and-conditions","status":"publish","type":"page","link":"https:\/\/www2.fablabfactory.com\/fr\/terms-and-conditions\/","title":{"rendered":"Conditions g\u00e9n\u00e9rales"},"content":{"rendered":"<div data-elementor-type=\"wp-page\" data-elementor-id=\"159\" class=\"elementor elementor-159\" data-elementor-post-type=\"page\">\n\t\t\t\t\t\t<div class=\"elementor-inner\">\n\t\t\t\t<div class=\"elementor-section-wrap\">\n\t\t\t\t\t\t\t\t\t<section class=\"elementor-section elementor-top-section elementor-element elementor-element-2884b212 elementor-section-boxed elementor-section-height-default elementor-section-height-default\" data-id=\"2884b212\" data-element_type=\"section\">\n\t\t\t\t\t\t<div class=\"elementor-container elementor-column-gap-default\">\n\t\t\t\t\t\t\t<div class=\"elementor-row\">\n\t\t\t\t\t<div class=\"elementor-column elementor-col-100 elementor-top-column elementor-element elementor-element-12d61f1c\" data-id=\"12d61f1c\" data-element_type=\"column\">\n\t\t\t<div class=\"elementor-column-wrap elementor-element-populated\">\n\t\t\t\t\t\t\t<div class=\"elementor-widget-wrap\">\n\t\t\t\t\t\t<div class=\"elementor-element elementor-element-ee8ac9b elementor-widget elementor-widget-spacer\" data-id=\"ee8ac9b\" data-element_type=\"widget\" data-widget_type=\"spacer.default\">\n\t\t\t\t<div class=\"elementor-widget-container\">\n\t\t\t\t\t<div class=\"elementor-spacer\">\n\t\t\t<div class=\"elementor-spacer-inner\"><\/div>\n\t\t<\/div>\n\t\t\t\t<\/div>\n\t\t\t\t<\/div>\n\t\t\t\t<div class=\"elementor-element elementor-element-15399400 elementor-widget elementor-widget-text-editor\" data-id=\"15399400\" data-element_type=\"widget\" data-widget_type=\"text-editor.default\">\n\t\t\t\t<div class=\"elementor-widget-container\">\n\t\t\t\t\t\t\t\t<div class=\"elementor-text-editor elementor-clearfix\">\n\t\t\t\t<p><b>Informations sur les entreprises<br><\/b><br>FABLAB FACTORY BVBA<\/p>\n<p>FabLab Factory (nom commercial)<br>CAPUCIENENLAAN 88<br>9300 AALST<br>BELGIQUE<\/p>\n<p>info@fablabfactory.com<br>+32 485 933091<br>TVA BE0700541423<br>RPR DENDERMONDE, BELGIQUE<\/p>\n<p><b>Article 1 : Dispositions g\u00e9n\u00e9rales<br><\/b>Le site web de commerce \u00e9lectronique de FabLab Factory, une SPRL dont le si\u00e8ge social est situ\u00e9 \u00e0 CAPUCIENENENLAAN 88, 9300 AALST, BELGIQUE, TVA BE0700541423, RPR DENDERMONDE, BELGIQUE (ci-apr\u00e8s \"FabLab Factory\") offre \u00e0 ses clients la possibilit\u00e9 de proposer les produits de sa boutique en ligne. d'acheter en ligne.<br>Les pr\u00e9sentes conditions g\u00e9n\u00e9rales (\"Conditions\") s'appliquent \u00e0 toute commande pass\u00e9e par un visiteur de ce site de commerce \u00e9lectronique (\"Client\"). Lorsqu'il passe une commande par l'interm\u00e9diaire de la boutique en ligne de FabLab Factory, le Client doit accepter explicitement les pr\u00e9sentes Conditions, acceptant ainsi l'applicabilit\u00e9 des pr\u00e9sentes Conditions, \u00e0 l'exclusion de toutes autres conditions. Les conditions suppl\u00e9mentaires du Client sont exclues, sauf si elles ont \u00e9t\u00e9 accept\u00e9es au pr\u00e9alable, par \u00e9crit et express\u00e9ment par FabLab Factory.<\/p>\n<p><\/p>\n<p><b>Article 2 : Prix<\/b><\/p>\n<p>Tous les prix indiqu\u00e9s sont exprim\u00e9s en euros, toujours hors TVA et tous les autres droits ou taxes qui doivent obligatoirement \u00eatre support\u00e9s par le client. [Si le prix ne peut \u00eatre calcul\u00e9 \u00e0 l'avance, indiquez le mode de calcul du prix].<\/p>\n<p>Si des frais de livraison, de r\u00e9servation ou d'administration sont factur\u00e9s, ils seront indiqu\u00e9s s\u00e9par\u00e9ment. [Vous devez indiquer ici ou sur votre site web tous les frais suppl\u00e9mentaires de transport, de livraison ou d'affranchissement et tous les autres frais que le client devra payer. Si ces frais ne peuvent \u00eatre calcul\u00e9s \u00e0 l'avance, veuillez indiquer que de tels frais suppl\u00e9mentaires peuvent \u00eatre exig\u00e9s]. Le prix de nos licences et contrats de maintenance augmente de 2% chaque ann\u00e9e.<\/p>\n<p>L'indication du prix ne concerne que les articles tels qu'ils sont d\u00e9crits textuellement. Les photos d'accompagnement sont d\u00e9coratives et peuvent contenir des \u00e9l\u00e9ments qui ne sont pas inclus dans le prix.<\/p>\n<p><b>Article 3 : Offre<\/b><\/p>\n<p>Bien que le catalogue en ligne et le site web de commerce \u00e9lectronique soient \u00e9labor\u00e9s avec le plus grand soin, il est toujours possible que les informations fournies soient incompl\u00e8tes, contiennent des erreurs mat\u00e9rielles ou ne soient pas \u00e0 jour. Les erreurs \u00e9videntes ou les erreurs dans l'offre ne sont pas contraignantes pour FabLab Factory. FabLab Factory n'est tenu que par une obligation de moyens quant \u00e0 l'exactitude et l'exhaustivit\u00e9 des informations fournies. FabLab Factory n'est en aucun cas responsable en cas d'erreurs mat\u00e9rielles manifestes, d'erreurs de composition ou d'impression.<\/p>\n<p>Si le client a des questions sp\u00e9cifiques concernant, par exemple, les tailles, la couleur, la disponibilit\u00e9, le d\u00e9lai ou le mode de livraison, nous lui demandons de contacter notre service client\u00e8le au pr\u00e9alable.<\/p>\n<p>L'offre peut \u00eatre adapt\u00e9e ou retir\u00e9e par FabLab Factory \u00e0 tout moment. FabLab Factory ne peut \u00eatre tenu responsable de l'indisponibilit\u00e9 d'un produit. L'offre a une dur\u00e9e de validit\u00e9 limit\u00e9e \u00e0 30 jours. Si une offre a une dur\u00e9e de validit\u00e9 illimit\u00e9e ou est soumise \u00e0 des conditions, cela sera explicitement indiqu\u00e9 dans l'offre.<\/p>\n<p><\/p>\n<p><b>Article 4 : Achats en ligne<\/b><\/p>\n<p>Le paiement s'effectue sur l'un des modes de paiement indiqu\u00e9s lors du processus de commande.<\/p>\n<p>Le d\u00e9lai de paiement dans lequel une commande doit \u00eatre r\u00e9gl\u00e9e est de 30 jours apr\u00e8s la livraison ou l'envoi de la facture.<\/p>\n<p>Sauf accord \u00e9crit contraire, l'envoi sera effectu\u00e9 apr\u00e8s r\u00e9ception du paiement. Un d\u00e9lai d'attente de 1 \u00e0 3 jours ouvrables doit \u00eatre pris en compte si vous choisissez de payer par virement bancaire.<\/p>\n<p>A moins d'une protestation par lettre recommand\u00e9e dans les 7 jours ouvrables suivant la r\u00e9ception de la facture, celle-ci est r\u00e9put\u00e9e accept\u00e9e par le client.<\/p>\n<p>FabLab Factory est en droit de refuser une commande en raison d'un manquement grave du client en ce qui concerne les commandes dans lesquelles le client est impliqu\u00e9.<\/p>\n<p><\/p>\n<p><b>Article 5 : Livraison et ex\u00e9cution de l'accord<\/b><\/p>\n<p>La livraison a lieu dans la limite des stocks disponibles.<\/p>\n<p>Dans le cadre des r\u00e8gles de vente \u00e0 distance, FABLAB FACTORY BVBA ex\u00e9cutera les commandes au moins dans les 30 jours. Si cela n'est pas possible (parce que la commande est en rupture de stock ou n'est plus disponible), ou s'il y a un retard pour d'autres raisons, ou si une commande ne peut pas \u00eatre ex\u00e9cut\u00e9e ou seulement partiellement, le consommateur recevra dans le mois qui suit la commande un message de commande et, dans ce cas, il a le droit d'annuler la commande sans frais et sans mise en demeure.<\/p>\n<p>L'obligation de livraison de FABLAB FACTORY BVBA sera remplie, sauf preuve contraire, d\u00e8s que les marchandises livr\u00e9es par FABLAB FACTORY BVBA auront \u00e9t\u00e9 propos\u00e9es une fois au client. Pour la livraison \u00e0 domicile, le rapport du transporteur, all\u00e9guant le refus d'acceptation, sert de preuve compl\u00e8te de l'offre de livraison.<\/p>\n<p>Toutes les conditions mentionn\u00e9es sur le site web sont indicatives. Aucun droit ne peut donc \u00eatre tir\u00e9 des p\u00e9riodes susmentionn\u00e9es.<\/p>\n<p>Tout dommage visible et\/ou d\u00e9faut qualitatif d'un article ou autre d\u00e9faut de livraison doit \u00eatre imm\u00e9diatement signal\u00e9 par le client \u00e0 FabLab Factory.<\/p>\n<p>Le risque de perte ou de dommage est transf\u00e9r\u00e9 au Client d\u00e8s que celui-ci (ou un tiers d\u00e9sign\u00e9 par lui, qui n'est pas le transporteur) a physiquement pris possession des marchandises. Toutefois, le risque est d\u00e9j\u00e0 transf\u00e9r\u00e9 au client lors de la remise au transporteur, puisque nous livrons les marchandises Ex Works.<\/p>\n<p><\/p>\n<p><b>Article 6 : R\u00e9serve de propri\u00e9t\u00e9<\/b><\/p>\n<p>Les articles livr\u00e9s restent la propri\u00e9t\u00e9 exclusive de FabLab Factory jusqu'au paiement complet par le client.<\/p>\n<p>Le Client s'engage, si n\u00e9cessaire, \u00e0 informer les tiers de la r\u00e9serve de propri\u00e9t\u00e9 de FabLab Fctory, par exemple \u00e0 toute personne qui saisirait les articles non encore enti\u00e8rement pay\u00e9s.<\/p>\n<p><\/p>\n<p><b>Article 7 : Droit de r\u00e9tractation<\/b><\/p>\n<p>Les dispositions de cet article s'appliquent uniquement aux Clients qui, en leur qualit\u00e9 de consommateurs, ach\u00e8tent des articles en ligne aupr\u00e8s de FabLab Factory.<\/p>\n<p>Le client a le droit de se retirer du contrat dans un d\u00e9lai de 14 jours civils sans avoir \u00e0 en indiquer les raisons.<\/p>\n<p>Le d\u00e9lai de r\u00e9tractation expire 14 jours calendaires apr\u00e8s le jour o\u00f9 le client ou un tiers d\u00e9sign\u00e9 par le client, qui n'est pas le transporteur, prend physiquement possession du bien.<\/p>\n<p>Pour exercer le droit de r\u00e9tractation, le client doit notifier \u00e0 FABLAB FACTORY BVBA, CAPUCIENENLAAN 88, 9300 AALST, BELGIQUE - +32 485 933091 info@fablabfactory.com au moyen d'une d\u00e9claration d\u00e9nu\u00e9e d'ambigu\u00eft\u00e9 (par exemple, par \u00e9crit, par courrier postal ou \u00e9lectronique) sa d\u00e9cision de se r\u00e9tracter du contrat.<\/p>\n<p>Afin de respecter le d\u00e9lai de r\u00e9tractation, le client doit envoyer sa communication concernant l'exercice de son droit de r\u00e9tractation avant l'expiration du d\u00e9lai de r\u00e9tractation.<\/p>\n<p>Le Client doit retourner ou remettre les marchandises \u00e0 FABLAB FACTORY BVBA, CAPUCIENENLAAN 88, 9300 AALST, BELGIQUE imm\u00e9diatement, mais en tout cas au plus tard 14 jours calendrier apr\u00e8s le jour o\u00f9 il a communiqu\u00e9 sa d\u00e9cision de r\u00e9silier le contrat \u00e0 FABLAB FACTORY BVBA. . Le Client est \u00e0 l'heure s'il retourne les marchandises avant l'expiration du d\u00e9lai de 14 jours calendrier.<\/p>\n<p>Les frais directs de renvoi des marchandises seront \u00e0 la charge du client. Si le produit retourn\u00e9 a une quelconque valeur, FabLab Factory se r\u00e9serve le droit de tenir le client responsable et de r\u00e9clamer des dommages et int\u00e9r\u00eats pour toute d\u00e9pr\u00e9ciation des biens r\u00e9sultant de l'utilisation des biens par le client va au-del\u00e0 de ce qui est n\u00e9cessaire pour \u00e9tablir la nature, les caract\u00e9ristiques et le fonctionnement des biens.<\/p>\n<p>Seuls les articles qui sont dans l'emballage d'origine, avec tous les accessoires, le mode d'emploi et la facture ou la preuve d'achat peuvent \u00eatre repris.<\/p>\n<p>Si le client a demand\u00e9 \u00e0 commencer la fourniture de services pendant la p\u00e9riode de r\u00e9tractation, il paiera un montant proportionnel au temps qu'il nous a notifi\u00e9 qu'il s'est r\u00e9tract\u00e9 du contrat a \u00e9t\u00e9 livr\u00e9, contre la pleine ex\u00e9cution de l'accord.<\/p>\n<p>Si le Client annule le contrat, FABLAB FACTORY BVBA remboursera au Client tous les paiements re\u00e7us jusqu'\u00e0 ce moment, y compris les frais de livraison standard, dans un d\u00e9lai maximum de 14 jours calendrier apr\u00e8s que FABLAB FACTORY BVBA ait \u00e9t\u00e9 inform\u00e9e de la d\u00e9cision du Client d'annuler le contrat. Dans le cas de contrats de vente, FABLAB FACTORY BVBA peut attendre avec le remboursement jusqu'\u00e0 ce qu'elle ait re\u00e7u toutes les marchandises en retour, ou jusqu'\u00e0 ce que le Client ait d\u00e9montr\u00e9 qu'il a retourn\u00e9 les marchandises, selon ce qui se produit en premier.<\/p>\n<p>Les frais suppl\u00e9mentaires r\u00e9sultant du choix par le Client d'un mode de livraison diff\u00e9rent de la livraison standard propos\u00e9e par FABLAB FACTORY BVBA ne seront pas rembours\u00e9s. FABLAB FACTORY BVBA rembourse le Client avec le m\u00eame mode de paiement avec lequel le Client a effectu\u00e9 la transaction originale, sauf si le Client en a explicitement convenu autrement ; en tout \u00e9tat de cause, le Client ne sera pas factur\u00e9 pour ce remboursement.<\/p>\n<p>Le client ne peut pas exercer le droit de r\u00e9tractation pour :<\/p>\n<p>- les contrats de service apr\u00e8s l'ex\u00e9cution compl\u00e8te du service.<\/p>\n<p>- la livraison ou la fourniture de biens ou de services dont le prix d\u00e9pend des fluctuations du march\u00e9 financier sur lesquelles FabLab Factory n'a aucune influence et qui peuvent survenir pendant le d\u00e9lai de r\u00e9tractation.<\/p>\n<p>- la livraison de biens fabriqu\u00e9s selon les sp\u00e9cifications du client, ou qui sont clairement destin\u00e9s \u00e0 une personne sp\u00e9cifique.<\/p>\n<p>- la livraison de marchandises qui se d\u00e9t\u00e9riorent rapidement ou qui ont une dur\u00e9e de conservation limit\u00e9e.<\/p>\n<p>- la livraison de marchandises scell\u00e9es qui ne peuvent \u00eatre renvoy\u00e9es pour des raisons de protection de la sant\u00e9 ou d'hygi\u00e8ne et dont le sceau a \u00e9t\u00e9 bris\u00e9 apr\u00e8s la livraison.<\/p>\n<p>- la livraison de marchandises qui, de par leur nature, sont irr\u00e9vocablement m\u00e9lang\u00e9es \u00e0 d'autres produits apr\u00e8s la livraison.<\/p>\n<p>- la fourniture de boissons alcoolis\u00e9es dont le prix a \u00e9t\u00e9 convenu lors de la conclusion du contrat de vente, mais dont la livraison ne peut avoir lieu qu'apr\u00e8s 30 jours, et dont la valeur r\u00e9elle d\u00e9pend de fluctuations du march\u00e9 sur lesquelles l'entreprise n'a aucune influence.<\/p>\n<p>- les accords dans lesquels le client a sp\u00e9cifiquement demand\u00e9 \u00e0 FabLab Factory de lui rendre visite pour y effectuer des r\u00e9parations ou des entretiens urgents.<\/p>\n<p>- la livraison d'enregistrements audio et vid\u00e9o scell\u00e9s et de logiciels informatiques scell\u00e9s dont le sceau a \u00e9t\u00e9 bris\u00e9 apr\u00e8s la livraison.<\/p>\n<p>- la fourniture de journaux, de magazines ou de revues, \u00e0 l'exception des contrats d'abonnement \u00e0 ces publications.<\/p>\n<p>- les accords conclus lors d'une vente aux ench\u00e8res publiques.<\/p>\n<p>- la fourniture d'un logement autre qu'\u00e0 des fins r\u00e9sidentielles, le transport de marchandises, les services de location de voitures, la restauration et les services li\u00e9s aux loisirs, si une date ou une p\u00e9riode d'ex\u00e9cution sp\u00e9cifique est pr\u00e9vue dans les accords.<\/p>\n<p>- la livraison de contenu num\u00e9rique qui n'est pas livr\u00e9 sur un support tangible, si la prestation a commenc\u00e9 avec le consentement explicite pr\u00e9alable du client et si le client a reconnu qu'il perd ainsi son droit de r\u00e9tractation (par exemple, le t\u00e9l\u00e9chargement de musique, de logiciels).<\/p>\n<p><b>Article 8 : Garantie<\/b><\/p>\n<p>En vertu de la loi du 21 septembre 2004 relative \u00e0 la protection des consommateurs en mati\u00e8re de vente de biens de consommation, le consommateur dispose de droits l\u00e9gaux. Cette garantie l\u00e9gale s'applique \u00e0 partir de la date de livraison au premier propri\u00e9taire. Toute garantie commerciale n'affecte pas ces droits.<\/p>\n<p>Pour pouvoir invoquer la garantie, le client doit \u00eatre en mesure de pr\u00e9senter une preuve d'achat. Il est conseill\u00e9 aux clients de conserver l'emballage d'origine des marchandises.<\/p>\n<p>Pour les articles achet\u00e9s en ligne et livr\u00e9s au domicile du client, celui-ci doit contacter le service client\u00e8le de FabLab Factory et retourner l'article \u00e0 FabLab Factory \u00e0 ses frais.<\/p>\n<p>Lorsqu'un d\u00e9faut est constat\u00e9, le client doit en informer FabLab Factory dans les plus brefs d\u00e9lais. En tout \u00e9tat de cause, tout d\u00e9faut doit \u00eatre signal\u00e9 par le client dans un d\u00e9lai de 2 mois apr\u00e8s qu'il ait \u00e9t\u00e9 constat\u00e9. Par la suite, tout droit de r\u00e9paration ou de remplacement devient caduc. La garantie (commerciale et\/ou l\u00e9gale) ne s'applique jamais aux d\u00e9fauts qui r\u00e9sultent d'un accident, d'une n\u00e9gligence, d'une chute, d'une utilisation de l'article contraire \u00e0 l'usage pour lequel il a \u00e9t\u00e9 con\u00e7u, du non-respect du mode d'emploi ou du manuel, d'ajustements ou de modifications de l'article, d'une utilisation abusive, d'un mauvais entretien ou de toute autre utilisation anormale ou incorrecte.<\/p>\n<p>Les d\u00e9fauts qui se manifestent apr\u00e8s une p\u00e9riode de 6 mois suivant la date d'achat, le cas \u00e9ch\u00e9ant de livraison, ne sont pas consid\u00e9r\u00e9s comme des vices cach\u00e9s, sauf si le client prouve le contraire.<\/p>\n<p><b>Article 9 : Service \u00e0 la client\u00e8le<\/b><\/p>\n<p>Le service client\u00e8le de FabLab Factory est joignable par t\u00e9l\u00e9phone au num\u00e9ro +32 479 445858, par e-mail \u00e0 l'adresse support@fablabfactory.com ou par courrier \u00e0 l'adresse suivante FABLAB FACTORY BVBA, CAPUCIENENLAAN 88, 9300 AALST, BELGIQUE. Toute plainte peut \u00eatre adress\u00e9e \u00e0 cette adresse.<\/p>\n<p><b>Article 10 : Sanctions en cas de non-paiement<\/b><\/p>\n<p>Sans pr\u00e9judice de l'exercice des autres droits dont dispose FabLab Factory, en cas de non-paiement ou de paiement tardif \u00e0 compter de la date de la rupture du contrat, le Client se voit appliquer de plein droit et sans mise en demeure un int\u00e9r\u00eat de 15% par mois sur le montant impay\u00e9. En outre, le Client est l\u00e9galement tenu de payer une indemnit\u00e9 forfaitaire de 10% sur le montant concern\u00e9, avec un minimum de 25 euros par facture.<\/p>\n<p>Sans pr\u00e9judice de ce qui pr\u00e9c\u00e8de, FabLab Factory se r\u00e9serve le droit de reprendre les articles qui n'ont pas \u00e9t\u00e9 pay\u00e9s (en totalit\u00e9).<\/p>\n<p><b>Article 11 : Vie priv\u00e9e<\/b><\/p>\n<p>Le responsable du traitement, FABLAB FACTORY BVBA, respecte la loi belge du 8 d\u00e9cembre 1992 relative \u00e0 la protection de la vie priv\u00e9e dans le traitement des donn\u00e9es \u00e0 caract\u00e8re personnel.<\/p>\n<p>Les donn\u00e9es personnelles que vous fournissez ne seront utilis\u00e9es qu'aux fins suivantes : pr\u00e9ciser la finalit\u00e9 du traitement des donn\u00e9es, telle que l'ex\u00e9cution du contrat conclu, le traitement de la commande, l'envoi de lettres d'information, la publicit\u00e9 et\/ou le marketing.<\/p>\n<p>Vous avez un droit l\u00e9gal d'inspection et, si n\u00e9cessaire, de correction de vos donn\u00e9es personnelles. Sur pr\u00e9sentation d'une preuve d'identit\u00e9 (copie de la carte d'identit\u00e9), vous pouvez obtenir gratuitement une notification \u00e9crite de vos donn\u00e9es \u00e0 caract\u00e8re personnel par le biais d'une demande \u00e9crite, dat\u00e9e et sign\u00e9e adress\u00e9e \u00e0 FABLAB FACTORY BVBA, CAPUCIENENLAAN 88, 9300 AALST. Si n\u00e9cessaire, vous pouvez \u00e9galement demander la rectification des donn\u00e9es qui sont incorrectes, incompl\u00e8tes ou non pertinentes.<\/p>\n<p>En cas d'utilisation des donn\u00e9es \u00e0 des fins de marketing direct : Vous pouvez vous opposer gratuitement \u00e0 l'utilisation de vos donn\u00e9es \u00e0 des fins de marketing direct. Pour cela, vous pouvez toujours contacter FABLAB FACTORY BVBA, CAPUCIENENLAAN 88, 9300 AALST.<\/p>\n<p>Nous traitons vos donn\u00e9es comme des informations confidentielles et nous ne les transmettons, louons ou vendons pas \u00e0 des tiers.<\/p>\n<p>Le client est responsable de la confidentialit\u00e9 de ses donn\u00e9es de connexion et de l'utilisation de son mot de passe. Votre mot de passe est stock\u00e9 sous forme crypt\u00e9e, de sorte que FabLab Factory n'a pas acc\u00e8s \u00e0 votre mot de passe.<\/p>\n<p>FabLab Factory tient des statistiques sur les visiteurs en ligne (anonymes) afin de voir quelles pages du site Internet sont visit\u00e9es et dans quelle mesure.<\/p>\n<p>Si vous avez des questions concernant cette d\u00e9claration de confidentialit\u00e9, veuillez nous contacter \u00e0 l'adresse info@fablabfactory.com.<\/p>\n<p><b>Article 12 : Utilisation des cookies<\/b><\/p>\n<p>Lors d'une visite sur le site, des \"cookies\" peuvent \u00eatre plac\u00e9s sur le disque dur de votre ordinateur. Un cookie est un fichier texte qui est plac\u00e9 par le serveur d'un site web dans le navigateur de votre ordinateur ou sur votre appareil mobile lorsque vous visitez un site web. Les cookies ne peuvent pas \u00eatre utilis\u00e9s pour identifier des personnes, un cookie peut seulement identifier une machine.<\/p>\n<p>Nous utilisons \u00e0 la fois des \"First-party cookies\" et des \"Third party cookies\".<\/p>\n<p>Les \"First party cookies\" sont des cookies techniques qui sont utilis\u00e9s par le site visit\u00e9 lui-m\u00eame et qui visent \u00e0 faire fonctionner le site de mani\u00e8re optimale. Par exemple : les param\u00e8tres que l'utilisateur a effectu\u00e9s lors de ses pr\u00e9c\u00e9dentes visites sur le site, ou encore : un formulaire pr\u00e9-rempli avec des donn\u00e9es que l'utilisateur a effectu\u00e9es lors de ses pr\u00e9c\u00e9dentes visites.<\/p>\n<p>Les \"cookies de tiers\" sont des cookies qui ne proviennent pas du site web lui-m\u00eame, mais de tiers, par exemple un plug-in de marketing ou de publicit\u00e9 existant. Par exemple, les cookies de Facebook ou de Google Analytics. Pour de tels cookies, le visiteur du site doit d'abord donner son autorisation - cela peut se faire via une barre en bas ou en haut du site web, en r\u00e9f\u00e9rence \u00e0 cette politique, qui n'emp\u00eache pas de surfer davantage sur le site web.<\/p>\n<p>Vous pouvez configurer votre navigateur Internet de mani\u00e8re \u00e0 ce que les cookies ne soient pas accept\u00e9s, que vous soyez averti lorsqu'un cookie est install\u00e9 ou que les cookies soient ensuite supprim\u00e9s de votre disque dur. Vous pouvez le faire via les param\u00e8tres de votre navigateur (via la fonction d'aide). N'oubliez pas que certains \u00e9l\u00e9ments graphiques peuvent ne pas appara\u00eetre correctement, ou que vous ne pourrez pas utiliser certaines applications.<\/p>\n<p>En utilisant notre site web, vous acceptez que nous utilisions des cookies.<\/p>\n<p><b>Article 13 : Violation de la validit\u00e9 - non-renonciation<\/b><\/p>\n<p>Si une disposition des pr\u00e9sentes Conditions est d\u00e9clar\u00e9e nulle, ill\u00e9gale ou invalide, cela n'affectera en rien la validit\u00e9, la l\u00e9galit\u00e9 et l'applicabilit\u00e9 des autres dispositions.<\/p>\n<p>Le fait pour FabLab Factory de ne pas faire valoir ou d'exercer l'un des droits \u00e9num\u00e9r\u00e9s dans les pr\u00e9sentes conditions g\u00e9n\u00e9rales ne sera jamais consid\u00e9r\u00e9 comme une renonciation \u00e0 cette disposition et n'affectera jamais la validit\u00e9 de ces droits.&nbsp;<\/p>\n<p><b>Article 14 : Modification des conditions<\/b><\/p>\n<p>Ces conditions sont compl\u00e9t\u00e9es par d'autres conditions auxquelles il est fait explicitement r\u00e9f\u00e9rence, ainsi que par les conditions g\u00e9n\u00e9rales de vente de FabLab Factory. En cas de conflit, les pr\u00e9sentes conditions g\u00e9n\u00e9rales pr\u00e9vaudront.<\/p>\n<p><b>Article 15 : Preuves<\/b><\/p>\n<p>Le client accepte que les communications \u00e9lectroniques et les sauvegardes puissent servir de preuve.<\/p>\n<p><b>Article 16 : Droit applicable - Litiges<\/b><\/p>\n<p>Le droit belge est applicable, \u00e0 l'exception des dispositions de droit international priv\u00e9 en ce qui concerne la loi applicable et \u00e0 l'exception de la Convention de Vienne sur la vente internationale de marchandises. Sauf si le client est un consommateur, seuls les tribunaux de l'arrondissement de Gand (Belgique) sont comp\u00e9tents en cas de litige.<\/p>\t\t\t\t\t<\/div>\n\t\t\t\t\t\t<\/div>\n\t\t\t\t<\/div>\n\t\t\t\t\t\t<\/div>\n\t\t\t\t\t<\/div>\n\t\t<\/div>\n\t\t\t\t\t\t\t\t<\/div>\n\t\t\t\t\t<\/div>\n\t\t<\/section>\n\t\t\t\t\t\t\t\t\t<\/div>\n\t\t\t<\/div>\n\t\t\t\t\t<\/div>","protected":false},"excerpt":{"rendered":"<p>Informations sur la soci\u00e9t\u00e9FABLAB FACTORY BVBA FabLab Factory (nom commercial)CAPUCIENENLAAN 889300 AALSTBELGIUM info@fablabfactory.com+32 485 933091VAT BE0700541423RPR DENDERMONDE, BELGIQUE Article 1 : Dispositions g\u00e9n\u00e9ralesLe site de commerce \u00e9lectronique de FabLab Factory, une SPRL dont le si\u00e8ge social est situ\u00e9 \u00e0 CAPUCIENENLAAN 88, 9300 AALST, BELGIQUE, TVA BE0700541423, RPR DENDERMONDE, BELGIQUE (ci-apr\u00e8s \"FabLab Factory\") offre \u00e0 ses clients la possibilit\u00e9 [...]<\/p>","protected":false},"author":2,"featured_media":0,"parent":0,"menu_order":0,"comment_status":"closed","ping_status":"closed","template":"elementor_header_footer","meta":[],"acf":[],"_links":{"self":[{"href":"https:\/\/www2.fablabfactory.com\/fr\/wp-json\/wp\/v2\/pages\/159"}],"collection":[{"href":"https:\/\/www2.fablabfactory.com\/fr\/wp-json\/wp\/v2\/pages"}],"about":[{"href":"https:\/\/www2.fablabfactory.com\/fr\/wp-json\/wp\/v2\/types\/page"}],"author":[{"embeddable":true,"href":"https:\/\/www2.fablabfactory.com\/fr\/wp-json\/wp\/v2\/users\/2"}],"replies":[{"embeddable":true,"href":"https:\/\/www2.fablabfactory.com\/fr\/wp-json\/wp\/v2\/comments?post=159"}],"version-history":[{"count":27,"href":"https:\/\/www2.fablabfactory.com\/fr\/wp-json\/wp\/v2\/pages\/159\/revisions"}],"predecessor-version":[{"id":17241,"href":"https:\/\/www2.fablabfactory.com\/fr\/wp-json\/wp\/v2\/pages\/159\/revisions\/17241"}],"wp:attachment":[{"href":"https:\/\/www2.fablabfactory.com\/fr\/wp-json\/wp\/v2\/media?parent=159"}],"curies":[{"name":"wp","href":"https:\/\/api.w.org\/{rel}","templated":true}]}}