{"id":159,"date":"2020-07-27T17:38:51","date_gmt":"2020-07-27T17:38:51","guid":{"rendered":"http:\/\/35.195.195.33\/?page_id=159"},"modified":"2023-04-13T09:44:14","modified_gmt":"2023-04-13T07:44:14","slug":"terms-and-conditions","status":"publish","type":"page","link":"https:\/\/www2.fablabfactory.com\/sv\/terms-and-conditions\/","title":{"rendered":"Villkor och best\u00e4mmelser"},"content":{"rendered":"<div data-elementor-type=\"wp-page\" data-elementor-id=\"159\" class=\"elementor elementor-159\" data-elementor-post-type=\"page\">\n\t\t\t\t\t\t<div class=\"elementor-inner\">\n\t\t\t\t<div class=\"elementor-section-wrap\">\n\t\t\t\t\t\t\t\t\t<section class=\"elementor-section elementor-top-section elementor-element elementor-element-2884b212 elementor-section-boxed elementor-section-height-default elementor-section-height-default\" data-id=\"2884b212\" data-element_type=\"section\">\n\t\t\t\t\t\t<div class=\"elementor-container elementor-column-gap-default\">\n\t\t\t\t\t\t\t<div class=\"elementor-row\">\n\t\t\t\t\t<div class=\"elementor-column elementor-col-100 elementor-top-column elementor-element elementor-element-12d61f1c\" data-id=\"12d61f1c\" data-element_type=\"column\">\n\t\t\t<div class=\"elementor-column-wrap elementor-element-populated\">\n\t\t\t\t\t\t\t<div class=\"elementor-widget-wrap\">\n\t\t\t\t\t\t<div class=\"elementor-element elementor-element-ee8ac9b elementor-widget elementor-widget-spacer\" data-id=\"ee8ac9b\" data-element_type=\"widget\" data-widget_type=\"spacer.default\">\n\t\t\t\t<div class=\"elementor-widget-container\">\n\t\t\t\t\t<div class=\"elementor-spacer\">\n\t\t\t<div class=\"elementor-spacer-inner\"><\/div>\n\t\t<\/div>\n\t\t\t\t<\/div>\n\t\t\t\t<\/div>\n\t\t\t\t<div class=\"elementor-element elementor-element-15399400 elementor-widget elementor-widget-text-editor\" data-id=\"15399400\" data-element_type=\"widget\" data-widget_type=\"text-editor.default\">\n\t\t\t\t<div class=\"elementor-widget-container\">\n\t\t\t\t\t\t\t\t<div class=\"elementor-text-editor elementor-clearfix\">\n\t\t\t\t<p><b>Information om f\u00f6retaget<br><\/b><br>FABLAB FACTORY BVBA<\/p>\n<p>FabLab Factory (handelsnamn)<br>CAPUCIENENLAAN 88<br>9300 AALST<br>BELGIEN<\/p>\n<p>info@fablabfactory.com<br>+32 485 933091<br>MOMS BE0700541423<br>RPR DENDERMONDE, BELGIEN<\/p>\n<p><b>Artikel 1: Allm\u00e4nna best\u00e4mmelser<br><\/b>P\u00e5 FabLab Factory:s e-handelswebbplats, ett BVBA med s\u00e4te p\u00e5 CAPUCIENENLAAN 88, 9300 AALST, BELGIEN, VAT BE0700541423, RPR DENDERMONDE, BELGIEN (nedan kallat \"FabLab Factory\"), erbjuds kunderna m\u00f6jlighet att k\u00f6pa produkter fr\u00e5n sin webbutik p\u00e5 n\u00e4tet.<br>Dessa allm\u00e4nna villkor (\"villkor\") g\u00e4ller f\u00f6r alla best\u00e4llningar som g\u00f6rs av en bes\u00f6kare p\u00e5 denna e-handelswebbplats (\"kund\"). N\u00e4r kunden g\u00f6r en best\u00e4llning via FabLab Factory:s webbutik m\u00e5ste han eller hon uttryckligen godk\u00e4nna dessa villkor och d\u00e4rmed godk\u00e4nna att dessa villkor \u00e4r till\u00e4mpliga, med uteslutande av alla andra villkor. Kundens ytterligare villkor \u00e4r uteslutna, om de inte har godk\u00e4nts i f\u00f6rv\u00e4g, skriftligen och uttryckligen av FabLab Factory.<\/p>\n<p><\/p>\n<p><b>Artikel 2: Pris<\/b><\/p>\n<p>Alla angivna priser \u00e4r uttryckta i euro, alltid exklusive moms och alla andra avgifter eller skatter som kunden m\u00e5ste betala. [Om priset inte kan ber\u00e4knas i f\u00f6rv\u00e4g, ange hur priset ska ber\u00e4knas].<\/p>\n<p>Om leverans-, boknings- eller administrativa kostnader debiteras, anges detta separat. [Du m\u00e5ste h\u00e4r eller p\u00e5 din webbplats ange eventuella ytterligare frakt-, leverans- eller portokostnader och andra avgifter som kunden m\u00e5ste betala. Om dessa avgifter inte kan ber\u00e4knas i f\u00f6rv\u00e4g ska du ange att s\u00e5dana extra avgifter kan komma att betalas]. Priset p\u00e5 v\u00e5ra licenser och underh\u00e5llsavtal \u00f6kar med 2% varje \u00e5r.<\/p>\n<p>Prisangivelsen avser endast de artiklar som beskrivs ordagrant. De medf\u00f6ljande bilderna \u00e4r dekorativa och kan inneh\u00e5lla element som inte ing\u00e5r i priset.<\/p>\n<p><b>Artikel 3: Erbjudande<\/b><\/p>\n<p>Trots att webbkatalogen och e-handelswebbplatsen sammanst\u00e4lls med st\u00f6rsta m\u00f6jliga omsorg kan det \u00e4nd\u00e5 h\u00e4nda att den information som tillhandah\u00e5lls \u00e4r ofullst\u00e4ndig, inneh\u00e5ller v\u00e4sentliga fel eller inte \u00e4r uppdaterad. Uppenbara misstag eller fel i erbjudandet \u00e4r inte bindande f\u00f6r FabLab Factory. FabLab Factory \u00e4r endast bunden av en skyldighet att se till att den tillhandah\u00e5llna informationen \u00e4r korrekt och fullst\u00e4ndig. FabLab Factory \u00e4r under inga omst\u00e4ndigheter ansvarig f\u00f6r uppenbara materialfel, s\u00e4ttnings- eller tryckfel.<\/p>\n<p>Om kunden har specifika fr\u00e5gor om t.ex. storlekar, f\u00e4rg, tillg\u00e4nglighet, leveranstid eller leveransmetod ber vi kunden att kontakta v\u00e5r kundtj\u00e4nst i f\u00f6rv\u00e4g.<\/p>\n<p>Erbjudandet kan justeras eller dras tillbaka av FabLab Factory n\u00e4r som helst. FabLab Factory kan inte h\u00e5llas ansvarig f\u00f6r att en produkt inte finns tillg\u00e4nglig. Erbjudandet har en begr\u00e4nsad giltighetstid p\u00e5 30 dagar. Om ett erbjudande har en obegr\u00e4nsad giltighetstid eller om det \u00e4r f\u00f6renat med villkor, anges detta uttryckligen i erbjudandet.<\/p>\n<p><\/p>\n<p><b>Artikel 4: Ink\u00f6p p\u00e5 n\u00e4tet<\/b><\/p>\n<p>Betalning sker med en av de betalningsmetoder som anges under best\u00e4llningsprocessen.<\/p>\n<p>Betalningstiden f\u00f6r en best\u00e4llning \u00e4r 30 dagar efter att fakturan har levererats eller skickats.<\/p>\n<p>Om inget annat skriftligen \u00f6verenskommits sker leveransen efter att betalningen har mottagits. En v\u00e4ntetid p\u00e5 1-3 arbetsdagar m\u00e5ste beaktas om du v\u00e4ljer att betala med bank\u00f6verf\u00f6ring.<\/p>\n<p>Om kunden inte protesterar mot fakturan genom ett rekommenderat brev inom sju arbetsdagar efter mottagandet av fakturan, anses den ha accepterats av kunden.<\/p>\n<p>FabLab Factory har r\u00e4tt att v\u00e4gra en best\u00e4llning p\u00e5 grund av allvarliga brister hos kunden i fr\u00e5ga om best\u00e4llningar d\u00e4r kunden \u00e4r delaktig.<\/p>\n<p><\/p>\n<p><b>Artikel 5: \u00d6verl\u00e4mnande och genomf\u00f6rande av avtalet<\/b><\/p>\n<p>Leverans sker s\u00e5 l\u00e4nge lagret r\u00e4cker.<\/p>\n<p>Inom ramen f\u00f6r reglerna f\u00f6r distansf\u00f6rs\u00e4ljning kommer FABLAB FACTORY BVBA att utf\u00f6ra best\u00e4llningar inom minst 30 dagar. Om detta inte \u00e4r m\u00f6jligt (f\u00f6r att det best\u00e4llda \u00e4r slut i lager eller inte l\u00e4ngre finns tillg\u00e4ngligt), eller om det sker en f\u00f6rsening av andra sk\u00e4l, eller om en best\u00e4llning inte kan utf\u00f6ras eller endast delvis kan utf\u00f6ras, kommer konsumenten att f\u00e5 ett meddelande om best\u00e4llningen inom en m\u00e5nad efter det att best\u00e4llningen gjorts. och har i s\u00e5 fall r\u00e4tt att annullera best\u00e4llningen utan kostnader och utan att bli varslad om f\u00f6rsening.<\/p>\n<p>FABLAB FACTORY BVBA:s leveransskyldighet uppfylls, om inte annat bevisas, s\u00e5 snart de varor som levereras av FABLAB FACTORY BVBA har erbjudits kunden en g\u00e5ng. Vid hemleverans g\u00e4ller transport\u00f6rens rapport, d\u00e4r det p\u00e5st\u00e5s att godset inte har accepterats, som fullst\u00e4ndigt bevis f\u00f6r erbjudandet att leverera.<\/p>\n<p>Alla villkor som anges p\u00e5 webbplatsen \u00e4r v\u00e4gledande. Inga r\u00e4ttigheter kan d\u00e4rf\u00f6r h\u00e4rledas fr\u00e5n dessa perioder.<\/p>\n<p>Eventuella synliga skador och\/eller kvalitativa brister p\u00e5 en artikel eller andra brister i leveransen ska omedelbart anm\u00e4las av kunden till FabLab Factory.<\/p>\n<p>Risken f\u00f6r f\u00f6rlust eller skada \u00f6verg\u00e5r till kunden s\u00e5 snart denne (eller en tredje part som utsetts av denne och som inte \u00e4r transport\u00f6r) fysiskt har tagit varorna i sin besittning. Risken \u00f6verg\u00e5r dock till kunden redan vid leveransen till transport\u00f6ren, eftersom vi levererar varorna Ex Works.<\/p>\n<p><\/p>\n<p><b>Artikel 6: F\u00f6rbeh\u00e5ll f\u00f6r \u00e4gander\u00e4tten<\/b><\/p>\n<p>De levererade varorna f\u00f6rblir FabLab Factory:s exklusiva egendom tills kunden har betalat hela beloppet.<\/p>\n<p>Kunden f\u00f6rbinder sig att vid behov informera tredje part om FabLab Fctory:s \u00e4gander\u00e4ttsf\u00f6rbeh\u00e5ll, till exempel till den som skulle beslagta varor som \u00e4nnu inte \u00e4r helt betalda.<\/p>\n<p><\/p>\n<p><b>Artikel 7: \u00c5ngerr\u00e4tt<\/b><\/p>\n<p>Best\u00e4mmelserna i denna artikel g\u00e4ller endast Kunder som i egenskap av konsumenter k\u00f6per varor online fr\u00e5n FabLab Factory.<\/p>\n<p>Kunden har r\u00e4tt att fr\u00e5ntr\u00e4da avtalet inom 14 kalenderdagar utan att ange sk\u00e4l.<\/p>\n<p>\u00c5ngerfristen l\u00f6per ut 14 kalenderdagar efter den dag d\u00e5 kunden eller en av kunden utsedd tredje part, som inte \u00e4r transport\u00f6r, tar varan i fysisk besittning.<\/p>\n<p>F\u00f6r att ut\u00f6va sin \u00e5ngerr\u00e4tt m\u00e5ste kunden meddela FABLAB FACTORY BVBA, CAPUCIENENLAAN 88, 9300 AALST, BELGIEN - +32 485 933091 info@fablabfactory.com genom en otvetydig f\u00f6rklaring (t.ex. skriftligen via post eller e-post) om sitt beslut att fr\u00e5ntr\u00e4da avtalet.<\/p>\n<p>F\u00f6r att \u00e5ngerfristen ska kunna iakttas m\u00e5ste kunden skicka sitt meddelande om ut\u00f6vandet av \u00e5ngerr\u00e4tten innan \u00e5ngerfristen har l\u00f6pt ut.<\/p>\n<p>Kunden m\u00e5ste omedelbart, men under alla omst\u00e4ndigheter senast 14 kalenderdagar efter den dag d\u00e5 kunden meddelade FABLAB FACTORY BVBA sitt beslut att fr\u00e5ntr\u00e4da avtalet, \u00e5terl\u00e4mna eller \u00f6verl\u00e4mna varorna till FABLAB FACTORY BVBA, CAPUCIENENLAAN 88, 9300 AALST, BELGIEN. . Kunden \u00e4r i tid om han returnerar varorna innan perioden p\u00e5 14 kalenderdagar har l\u00f6pt ut.<\/p>\n<p>De direkta kostnaderna f\u00f6r att returnera varorna betalas av kunden. Om den returnerade produkten p\u00e5 n\u00e5got s\u00e4tt \u00e4r i v\u00e4rde, f\u00f6rbeh\u00e5ller sig FabLab Factory r\u00e4tten att h\u00e5lla kunden ansvarig och kr\u00e4va skadest\u00e5nd f\u00f6r eventuell v\u00e4rdeminskning av varorna till f\u00f6ljd av att kundens anv\u00e4ndning av varorna g\u00e5r ut\u00f6ver vad som \u00e4r n\u00f6dv\u00e4ndigt f\u00f6r att fastst\u00e4lla varornas art, egenskaper och funktion.<\/p>\n<p>Endast varor i originalf\u00f6rpackning, tillsammans med alla tillbeh\u00f6r, bruksanvisningar och faktura eller ink\u00f6psbevis kan tas tillbaka.<\/p>\n<p>Om kunden har beg\u00e4rt att b\u00f6rja tillhandah\u00e5lla tj\u00e4nsterna under \u00e5ngerfristen ska kunden betala ett belopp som st\u00e5r i proportion till den tid d\u00e5 han har meddelat oss att han har dragit sig tillbaka fr\u00e5n avtalet har levererats, mot att avtalet uppfylls fullt ut.<\/p>\n<p>Om kunden h\u00e4ver avtalet kommer FABLAB FACTORY BVBA att \u00e5terbetala alla betalningar som mottagits fram till dess, inklusive standardleveranskostnader, till kunden inom h\u00f6gst 14 kalenderdagar efter det att FABLAB FACTORY BVBA har informerats om kundens beslut att h\u00e4va avtalet. N\u00e4r det g\u00e4ller f\u00f6rs\u00e4ljningsavtal kan FABLAB FACTORY BVBA v\u00e4nta med \u00e5terbetalningen tills f\u00f6retaget har f\u00e5tt tillbaka alla varor, eller tills kunden har visat att han eller hon har returnerat varorna, beroende p\u00e5 vilket som intr\u00e4ffar f\u00f6rst.<\/p>\n<p>Eventuella extra kostnader till f\u00f6ljd av att kunden v\u00e4ljer en annan leveransmetod \u00e4n den standardleverans som erbjuds av FABLAB FACTORY BVBA \u00e5terbetalas inte. FABLAB FACTORY BVBA \u00e5terbetalar kunden med samma betalningsmetod som kunden utf\u00f6rde den ursprungliga transaktionen med, om inte kunden uttryckligen har avtalat annat; i alla fall kommer kunden inte att debiteras f\u00f6r en s\u00e5dan \u00e5terbetalning.<\/p>\n<p>Kunden kan inte ut\u00f6va sin \u00e5ngerr\u00e4tt i f\u00f6ljande fall:<\/p>\n<p>- serviceavtal efter det att tj\u00e4nsten har utf\u00f6rts fullt ut.<\/p>\n<p>- Leverans eller tillhandah\u00e5llande av varor eller tj\u00e4nster vars pris \u00e4r beroende av fluktuationer p\u00e5 finansmarknaden som FabLab Factory inte har n\u00e5got inflytande \u00f6ver och som kan intr\u00e4ffa inom \u00e5ngerfristen.<\/p>\n<p>- Leverans av varor som tillverkats enligt kundens specifikationer eller som \u00e4r klart avsedda f\u00f6r en viss person.<\/p>\n<p>- Leverans av varor som f\u00f6rst\u00f6rs snabbt eller med begr\u00e4nsad h\u00e5llbarhet.<\/p>\n<p>- Leverans av f\u00f6rseglade varor som av h\u00e4lsoskydds- eller hygiensk\u00e4l inte kan returneras och vars f\u00f6rsegling har brutits efter leveransen.<\/p>\n<p>- Leverans av varor som till sin natur o\u00e5terkalleligt blandas med andra produkter efter leveransen.<\/p>\n<p>- Leverans av alkoholhaltiga drycker, vars pris har avtalats vid ing\u00e5endet av f\u00f6rs\u00e4ljningsavtalet, men vars leverans kan ske f\u00f6rst efter 30 dagar och vars faktiska v\u00e4rde beror p\u00e5 fluktuationer p\u00e5 marknaden som f\u00f6retaget inte har n\u00e5got inflytande \u00f6ver.<\/p>\n<p>- avtal d\u00e4r kunden s\u00e4rskilt har beg\u00e4rt att FabLab Factory ska bes\u00f6ka honom f\u00f6r att utf\u00f6ra br\u00e5dskande reparationer eller underh\u00e5ll.<\/p>\n<p>- Leverans av f\u00f6rseglade ljud- och videoinspelningar och f\u00f6rseglad datorprogramvara vars f\u00f6rsegling har brutits efter leveransen.<\/p>\n<p>- Leverans av tidningar, tidskrifter eller magasin, med undantag f\u00f6r avtal om prenumeration p\u00e5 s\u00e5dana publikationer.<\/p>\n<p>- avtal som ing\u00e5tts vid en offentlig auktion.<\/p>\n<p>- Tillhandah\u00e5llande av boende annat \u00e4n f\u00f6r bostads\u00e4ndam\u00e5l, godstransporter, biluthyrning, catering- och fritidsrelaterade tj\u00e4nster, om avtalen f\u00f6reskriver ett visst datum eller en viss tidsperiod f\u00f6r utf\u00f6randet.<\/p>\n<p>- Leverans av digitalt inneh\u00e5ll som inte levereras p\u00e5 ett fysiskt medium, om utf\u00f6randet har p\u00e5b\u00f6rjats med kundens uttryckliga f\u00f6rhandsgodk\u00e4nnande och om kunden har bekr\u00e4ftat att han d\u00e4rmed f\u00f6rlorar sin \u00e5ngerr\u00e4tt (t.ex. nedladdning av musik, programvara).<\/p>\n<p><b>Artikel 8: Garanti<\/b><\/p>\n<p>Enligt lagen av den 21 september 2004 om konsumentskydd vid f\u00f6rs\u00e4ljning av konsumentvaror har konsumenten lagliga r\u00e4ttigheter. Denna r\u00e4ttsliga garanti g\u00e4ller fr\u00e5n och med leveransdagen till den f\u00f6rsta \u00e4garen. En eventuell kommersiell garanti p\u00e5verkar inte dessa r\u00e4ttigheter.<\/p>\n<p>F\u00f6r att kunna \u00e5beropa garantin m\u00e5ste kunden kunna visa upp ett ink\u00f6psbevis. Kunderna rekommenderas att beh\u00e5lla varornas originalf\u00f6rpackning.<\/p>\n<p>F\u00f6r varor som k\u00f6pts online och levererats till kundens hem m\u00e5ste kunden kontakta FabLab Factory:s kundtj\u00e4nst och returnera varan till FabLab Factory p\u00e5 egen bekostnad.<\/p>\n<p>N\u00e4r en defekt uppt\u00e4cks ska kunden informera FabLab Factory s\u00e5 snart som m\u00f6jligt. Under alla omst\u00e4ndigheter m\u00e5ste kunden rapportera om eventuella fel inom tv\u00e5 m\u00e5nader efter det att felet konstaterats. D\u00e4refter f\u00f6rfaller all r\u00e4tt till reparation eller utbyte. Den (kommersiella och\/eller r\u00e4ttsliga) garantin g\u00e4ller aldrig f\u00f6r defekter som uppst\u00e5r till f\u00f6ljd av olyckor, f\u00f6rsummelse, fall, anv\u00e4ndning av artikeln i strid med det syfte f\u00f6r vilket den \u00e4r utformad, bristande efterlevnad av bruksanvisningen eller manualen, justeringar eller \u00e4ndringar av artikeln, tung anv\u00e4ndning, d\u00e5ligt underh\u00e5ll eller annan onormal eller felaktig anv\u00e4ndning.<\/p>\n<p>Fel som visar sig efter en period p\u00e5 6 m\u00e5nader efter ink\u00f6psdatumet, om n\u00f6dv\u00e4ndigt leveransdatumet, anses inte vara dolda fel, s\u00e5vida inte kunden bevisar motsatsen.<\/p>\n<p><b>Artikel 9: Kundtj\u00e4nst<\/b><\/p>\n<p>FabLab Factory:s kundtj\u00e4nst kan n\u00e5s p\u00e5 telefonnummer +32 479 445858, via e-post p\u00e5 support@fablabfactory.com eller per post p\u00e5 f\u00f6ljande adress FABLAB FACTORY BVBA, CAPUCIENENLAAN 88, 9300 AALST, BELGIEN. Eventuella klagom\u00e5l kan riktas till f\u00f6ljande adress.<\/p>\n<p><b>Artikel 10: P\u00e5f\u00f6ljder vid utebliven betalning<\/b><\/p>\n<p>Utan att det p\u00e5verkar ut\u00f6vandet av andra r\u00e4ttigheter som FabLab Factory har, i h\u00e4ndelse av utebliven eller f\u00f6rsenad betalning fr\u00e5n dagen f\u00f6r avtalsbrottet, \u00e4r kunden ipso jure och utan f\u00f6rvarning en r\u00e4nta p\u00e5 15% per m\u00e5nad p\u00e5 det obetalda beloppet. Dessutom \u00e4r kunden enligt lag skyldig att betala en fast ers\u00e4ttning p\u00e5 10% p\u00e5 det ber\u00f6rda beloppet, med ett minimum p\u00e5 25 euro per faktura.<\/p>\n<p>Utan att det p\u00e5verkar det f\u00f6reg\u00e5ende f\u00f6rbeh\u00e5ller sig FabLab Factory r\u00e4tten att ta tillbaka varor som inte har betalats (i sin helhet).<\/p>\n<p><b>Artikel 11: Integritet<\/b><\/p>\n<p>Den personuppgiftsansvarige, FABLAB FACTORY BVBA, respekterar den belgiska lagen av den 8 december 1992 om skydd av privatlivet vid behandling av personuppgifter.<\/p>\n<p>De personuppgifter som du l\u00e4mnar kommer endast att anv\u00e4ndas f\u00f6r f\u00f6ljande \u00e4ndam\u00e5l: Ange det syfte f\u00f6r vilket uppgifterna behandlas, t.ex. genomf\u00f6rande av det ing\u00e5ngna avtalet, behandling av best\u00e4llningen, utskick av nyhetsbrev, annonsering och\/eller marknadsf\u00f6ring.<\/p>\n<p>Du har en laglig r\u00e4tt att granska och vid behov korrigera dina personuppgifter. Om du kan styrka din identitet (kopia av identitetskortet) kan du kostnadsfritt f\u00e5 ett skriftligt meddelande om dina personuppgifter genom en skriftlig, daterad och undertecknad beg\u00e4ran till FABLAB FACTORY BVBA, CAPUCIENENLAAN 88, 9300 AALST. Vid behov kan du ocks\u00e5 beg\u00e4ra att f\u00e5 r\u00e4tta de uppgifter som \u00e4r felaktiga, ofullst\u00e4ndiga eller inte relevanta.<\/p>\n<p>Vid anv\u00e4ndning av uppgifter f\u00f6r direktmarknadsf\u00f6ring: Du kan kostnadsfritt mots\u00e4tta dig anv\u00e4ndningen av dina uppgifter f\u00f6r direktmarknadsf\u00f6ring. Du kan alltid kontakta FABLAB FACTORY BVBA, CAPUCIENENLAAN 88, 9300 AALST.<\/p>\n<p>Vi behandlar dina uppgifter som konfidentiell information och kommer inte att vidarebefordra, hyra ut eller s\u00e4lja dem till tredje part.<\/p>\n<p>Kunden \u00e4r ansvarig f\u00f6r att h\u00e5lla sina inloggningsuppgifter konfidentiella och f\u00f6r anv\u00e4ndningen av sitt l\u00f6senord. Ditt l\u00f6senord lagras krypterat, s\u00e5 FabLab Factory har ingen tillg\u00e5ng till ditt l\u00f6senord.<\/p>\n<p>FabLab Factory f\u00f6r online (anonym) bes\u00f6ksstatistik f\u00f6r att se vilka sidor p\u00e5 webbplatsen som bes\u00f6ks i vilken utstr\u00e4ckning.<\/p>\n<p>Om du har n\u00e5gra fr\u00e5gor om denna integritetspolicy kan du kontakta oss p\u00e5 info@fablabfactory.com.<\/p>\n<p><b>Artikel 12: Anv\u00e4ndning av cookies<\/b><\/p>\n<p>Under ett bes\u00f6k p\u00e5 webbplatsen kan \"cookies\" placeras p\u00e5 din dators h\u00e5rddisk. En cookie \u00e4r en textfil som placeras av en webbplats server i webbl\u00e4saren p\u00e5 din dator eller p\u00e5 din mobila enhet n\u00e4r du bes\u00f6ker en webbplats. Cookies kan inte anv\u00e4ndas f\u00f6r att identifiera personer, en cookie kan bara identifiera en maskin.<\/p>\n<p>Vi anv\u00e4nder b\u00e5de \"f\u00f6rstapartscookies\" och \"tredjepartscookies\".<\/p>\n<p>\"F\u00f6rstapartscookies\" \u00e4r tekniska cookies som anv\u00e4nds av den bes\u00f6kta webbplatsen sj\u00e4lv och som syftar till att f\u00e5 webbplatsen att fungera optimalt. Till exempel: inst\u00e4llningar som anv\u00e4ndaren har gjort vid tidigare bes\u00f6k p\u00e5 webbplatsen, eller till och med: ett f\u00f6rfyllt formul\u00e4r med uppgifter som anv\u00e4ndaren har gjort vid tidigare bes\u00f6k.<\/p>\n<p>\"Tredjepartscookies\" \u00e4r cookies som inte kommer fr\u00e5n webbplatsen sj\u00e4lv, utan fr\u00e5n tredje part, t.ex. en befintlig marknadsf\u00f6rings- eller reklamplugin. Till exempel cookies fr\u00e5n Facebook eller Google Analytics. F\u00f6r s\u00e5dana cookies m\u00e5ste bes\u00f6karen p\u00e5 webbplatsen f\u00f6rst ge sitt tillst\u00e5nd - detta kan g\u00f6ras via en bar l\u00e4ngst ner eller h\u00f6gst upp p\u00e5 webbplatsen, med h\u00e4nvisning till denna policy, vilket inte hindrar fortsatt surfande p\u00e5 webbplatsen.<\/p>\n<p>Du kan st\u00e4lla in din webbl\u00e4sare s\u00e5 att cookies inte accepteras, att du f\u00e5r en varning n\u00e4r en cookie installeras eller att cookies senare tas bort fr\u00e5n din h\u00e5rddisk. Detta kan du g\u00f6ra via inst\u00e4llningarna i din webbl\u00e4sare (via hj\u00e4lpfunktionen). T\u00e4nk p\u00e5 att vissa grafiska element kanske inte visas korrekt eller att du inte kan anv\u00e4nda vissa program.<\/p>\n<p>Genom att anv\u00e4nda v\u00e5r webbplats godk\u00e4nner du att vi anv\u00e4nder cookies.<\/p>\n<p><b>Artikel 13: \u00d6vertr\u00e4delse av giltigheten - utebliven upps\u00e4gning<\/b><\/p>\n<p>Om n\u00e5gon best\u00e4mmelse i dessa villkor f\u00f6rklaras ogiltig, olaglig eller ogiltig p\u00e5verkar detta inte p\u00e5 n\u00e5got s\u00e4tt giltigheten, lagligheten och till\u00e4mpligheten av \u00f6vriga best\u00e4mmelser.<\/p>\n<p>Om FabLab Factory inte vid n\u00e5gon tidpunkt lyckas till\u00e4mpa eller ut\u00f6va n\u00e5gon av de r\u00e4ttigheter som anges i dessa villkor kommer detta aldrig att betraktas som ett avst\u00e5ende fr\u00e5n en s\u00e5dan best\u00e4mmelse och kommer aldrig att p\u00e5verka giltigheten av dessa r\u00e4ttigheter.&nbsp;<\/p>\n<p><b>Artikel 14: \u00c4ndring av villkor<\/b><\/p>\n<p>Dessa villkor kompletteras av andra villkor som det uttryckligen h\u00e4nvisas till, och av FabLab Factory:s allm\u00e4nna f\u00f6rs\u00e4ljningsvillkor. I h\u00e4ndelse av en konflikt ska dessa villkor ha f\u00f6retr\u00e4de.<\/p>\n<p><b>Artikel 15: Bevisning<\/b><\/p>\n<p>Kunden accepterar att elektronisk kommunikation och s\u00e4kerhetskopior kan fungera som bevis.<\/p>\n<p><b>Artikel 16: Till\u00e4mplig lag - Tvister<\/b><\/p>\n<p>Belgisk lag \u00e4r till\u00e4mplig, med undantag f\u00f6r best\u00e4mmelserna i internationell privatr\u00e4tt n\u00e4r det g\u00e4ller till\u00e4mplig lag och med undantag f\u00f6r Wienkonventionen om internationella k\u00f6p av varor. Om kunden inte \u00e4r en konsument \u00e4r endast domstolarna i distriktet Gent (Belgien) beh\u00f6riga vid tvister.<\/p>\t\t\t\t\t<\/div>\n\t\t\t\t\t\t<\/div>\n\t\t\t\t<\/div>\n\t\t\t\t\t\t<\/div>\n\t\t\t\t\t<\/div>\n\t\t<\/div>\n\t\t\t\t\t\t\t\t<\/div>\n\t\t\t\t\t<\/div>\n\t\t<\/section>\n\t\t\t\t\t\t\t\t\t<\/div>\n\t\t\t<\/div>\n\t\t\t\t\t<\/div>","protected":false},"excerpt":{"rendered":"<p>F\u00f6retagsinformationFABLAB FACTORY BVBA FabLab Factory (handelsnamn)CAPUCIENENLAAN 889300 AALSTBELGIUM info@fablabfactory.com+32 485 933091VAT BE0700541423RPR DENDERMONDE, BELGIEN Artikel 1: Allm\u00e4nna best\u00e4mmelserDen elektroniska webbplatsen f\u00f6r FabLab Factory, ett BVBA med s\u00e4te p\u00e5 CAPUCIENENLAAN 88, 9300 AALST, BELGIEN, VAT BE0700541423, RPR DENDERMONDE, BELGIEN (nedan kallat \"FabLab Factory\") erbjuder sina kunder m\u00f6jligheten att [...]<\/p>","protected":false},"author":2,"featured_media":0,"parent":0,"menu_order":0,"comment_status":"closed","ping_status":"closed","template":"elementor_header_footer","meta":[],"acf":[],"_links":{"self":[{"href":"https:\/\/www2.fablabfactory.com\/sv\/wp-json\/wp\/v2\/pages\/159"}],"collection":[{"href":"https:\/\/www2.fablabfactory.com\/sv\/wp-json\/wp\/v2\/pages"}],"about":[{"href":"https:\/\/www2.fablabfactory.com\/sv\/wp-json\/wp\/v2\/types\/page"}],"author":[{"embeddable":true,"href":"https:\/\/www2.fablabfactory.com\/sv\/wp-json\/wp\/v2\/users\/2"}],"replies":[{"embeddable":true,"href":"https:\/\/www2.fablabfactory.com\/sv\/wp-json\/wp\/v2\/comments?post=159"}],"version-history":[{"count":27,"href":"https:\/\/www2.fablabfactory.com\/sv\/wp-json\/wp\/v2\/pages\/159\/revisions"}],"predecessor-version":[{"id":17241,"href":"https:\/\/www2.fablabfactory.com\/sv\/wp-json\/wp\/v2\/pages\/159\/revisions\/17241"}],"wp:attachment":[{"href":"https:\/\/www2.fablabfactory.com\/sv\/wp-json\/wp\/v2\/media?parent=159"}],"curies":[{"name":"wp","href":"https:\/\/api.w.org\/{rel}","templated":true}]}}